{"id":1395,"date":"2023-03-05T22:13:34","date_gmt":"2023-03-05T22:13:34","guid":{"rendered":"http:\/\/investinalentejo.pt\/pt\/?page_id=1395"},"modified":"2023-07-11T20:50:26","modified_gmt":"2023-07-11T20:50:26","slug":"apoio-ao-investimento","status":"publish","type":"page","link":"https:\/\/investinalentejo.pt\/pt\/apoio-ao-investimento\/apoio-ao-investimento\/","title":{"rendered":"Apoio ao Investimento"},"content":{"rendered":"\t\t<div data-elementor-type=\"wp-page\" data-elementor-id=\"1395\" class=\"elementor elementor-1395\">\n\t\t\t\t\t\t\t\t\t<section class=\"elementor-section elementor-top-section elementor-element elementor-element-98892e2 elementor-section-boxed elementor-section-height-default elementor-section-height-default\" data-id=\"98892e2\" data-element_type=\"section\">\n\t\t\t\t\t\t<div class=\"elementor-container elementor-column-gap-default\">\n\t\t\t\t\t<div class=\"elementor-column elementor-col-100 elementor-top-column elementor-element elementor-element-3172778\" data-id=\"3172778\" data-element_type=\"column\">\n\t\t\t<div class=\"elementor-widget-wrap elementor-element-populated\">\n\t\t\t\t\t\t\t\t<div class=\"elementor-element elementor-element-b0d1784 elementor-widget elementor-widget-heading\" data-id=\"b0d1784\" data-element_type=\"widget\" data-widget_type=\"heading.default\">\n\t\t\t\t<div class=\"elementor-widget-container\">\n\t\t\t<style>\/*! elementor - v3.16.0 - 12-09-2023 *\/\n.elementor-heading-title{padding:0;margin:0;line-height:1}.elementor-widget-heading .elementor-heading-title[class*=elementor-size-]>a{color:inherit;font-size:inherit;line-height:inherit}.elementor-widget-heading .elementor-heading-title.elementor-size-small{font-size:15px}.elementor-widget-heading .elementor-heading-title.elementor-size-medium{font-size:19px}.elementor-widget-heading .elementor-heading-title.elementor-size-large{font-size:29px}.elementor-widget-heading .elementor-heading-title.elementor-size-xl{font-size:39px}.elementor-widget-heading .elementor-heading-title.elementor-size-xxl{font-size:59px}<\/style><h3 class=\"elementor-heading-title elementor-size-default\">ADRAL<\/h3>\t\t<\/div>\n\t\t\t\t<\/div>\n\t\t\t\t\t<\/div>\n\t\t<\/div>\n\t\t\t\t\t\t\t<\/div>\n\t\t<\/section>\n\t\t\t\t<section class=\"elementor-section elementor-top-section elementor-element elementor-element-715de9a elementor-section-boxed elementor-section-height-default elementor-section-height-default\" data-id=\"715de9a\" data-element_type=\"section\">\n\t\t\t\t\t\t<div class=\"elementor-container elementor-column-gap-default\">\n\t\t\t\t\t<div class=\"elementor-column elementor-col-50 elementor-top-column elementor-element elementor-element-9e543f3\" data-id=\"9e543f3\" data-element_type=\"column\">\n\t\t\t<div class=\"elementor-widget-wrap elementor-element-populated\">\n\t\t\t\t\t\t\t\t<div class=\"elementor-element elementor-element-bd6adca elementor-widget elementor-widget-image\" data-id=\"bd6adca\" data-element_type=\"widget\" data-widget_type=\"image.default\">\n\t\t\t\t<div class=\"elementor-widget-container\">\n\t\t\t<style>\/*! elementor - v3.16.0 - 12-09-2023 *\/\n.elementor-widget-image{text-align:center}.elementor-widget-image a{display:inline-block}.elementor-widget-image a img[src$=\".svg\"]{width:48px}.elementor-widget-image img{vertical-align:middle;display:inline-block}<\/style>\t\t\t\t\t\t\t\t\t\t\t\t<img loading=\"lazy\" decoding=\"async\" width=\"456\" height=\"219\" src=\"https:\/\/investinalentejo.pt\/pt\/wp-content\/uploads\/2023\/03\/asset-19.png\" class=\"attachment-large size-large wp-image-1518\" alt=\"\" srcset=\"https:\/\/investinalentejo.pt\/pt\/wp-content\/uploads\/2023\/03\/asset-19.png 456w, https:\/\/investinalentejo.pt\/pt\/wp-content\/uploads\/2023\/03\/asset-19-300x144.png 300w\" sizes=\"auto, (max-width: 456px) 100vw, 456px\" \/>\t\t\t\t\t\t\t\t\t\t\t\t\t\t\t<\/div>\n\t\t\t\t<\/div>\n\t\t\t\t\t<\/div>\n\t\t<\/div>\n\t\t\t\t<div class=\"elementor-column elementor-col-50 elementor-top-column elementor-element elementor-element-e2a2f18\" data-id=\"e2a2f18\" data-element_type=\"column\">\n\t\t\t<div class=\"elementor-widget-wrap elementor-element-populated\">\n\t\t\t\t\t\t\t\t<div class=\"elementor-element elementor-element-4b0bdc2 elementor-widget elementor-widget-image\" data-id=\"4b0bdc2\" data-element_type=\"widget\" data-widget_type=\"image.default\">\n\t\t\t\t<div class=\"elementor-widget-container\">\n\t\t\t\t\t\t\t\t\t\t\t\t\t\t\t<img loading=\"lazy\" decoding=\"async\" width=\"456\" height=\"219\" src=\"https:\/\/investinalentejo.pt\/pt\/wp-content\/uploads\/2023\/03\/asset-20-1.png\" class=\"attachment-large size-large wp-image-1545\" alt=\"\" srcset=\"https:\/\/investinalentejo.pt\/pt\/wp-content\/uploads\/2023\/03\/asset-20-1.png 456w, https:\/\/investinalentejo.pt\/pt\/wp-content\/uploads\/2023\/03\/asset-20-1-300x144.png 300w\" sizes=\"auto, (max-width: 456px) 100vw, 456px\" \/>\t\t\t\t\t\t\t\t\t\t\t\t\t\t\t<\/div>\n\t\t\t\t<\/div>\n\t\t\t\t\t<\/div>\n\t\t<\/div>\n\t\t\t\t\t\t\t<\/div>\n\t\t<\/section>\n\t\t\t\t<section class=\"elementor-section elementor-top-section elementor-element elementor-element-34b234f elementor-section-boxed elementor-section-height-default elementor-section-height-default\" data-id=\"34b234f\" data-element_type=\"section\">\n\t\t\t\t\t\t<div class=\"elementor-container elementor-column-gap-default\">\n\t\t\t\t\t<div class=\"elementor-column elementor-col-50 elementor-top-column elementor-element elementor-element-2bba641\" data-id=\"2bba641\" data-element_type=\"column\">\n\t\t\t<div class=\"elementor-widget-wrap elementor-element-populated\">\n\t\t\t\t\t\t\t\t<div class=\"elementor-element elementor-element-14f0f01 elementor-widget elementor-widget-image\" data-id=\"14f0f01\" data-element_type=\"widget\" data-widget_type=\"image.default\">\n\t\t\t\t<div class=\"elementor-widget-container\">\n\t\t\t\t\t\t\t\t\t\t\t\t\t\t\t<img loading=\"lazy\" decoding=\"async\" width=\"456\" height=\"219\" src=\"https:\/\/investinalentejo.pt\/pt\/wp-content\/uploads\/2023\/03\/asset-21.png\" class=\"attachment-large size-large wp-image-1520\" alt=\"\" srcset=\"https:\/\/investinalentejo.pt\/pt\/wp-content\/uploads\/2023\/03\/asset-21.png 456w, https:\/\/investinalentejo.pt\/pt\/wp-content\/uploads\/2023\/03\/asset-21-300x144.png 300w\" sizes=\"auto, (max-width: 456px) 100vw, 456px\" \/>\t\t\t\t\t\t\t\t\t\t\t\t\t\t\t<\/div>\n\t\t\t\t<\/div>\n\t\t\t\t\t<\/div>\n\t\t<\/div>\n\t\t\t\t<div class=\"elementor-column elementor-col-50 elementor-top-column elementor-element elementor-element-8a0e956\" data-id=\"8a0e956\" data-element_type=\"column\">\n\t\t\t<div class=\"elementor-widget-wrap elementor-element-populated\">\n\t\t\t\t\t\t\t\t<div class=\"elementor-element elementor-element-1a00c10 elementor-widget elementor-widget-image\" data-id=\"1a00c10\" data-element_type=\"widget\" data-widget_type=\"image.default\">\n\t\t\t\t<div class=\"elementor-widget-container\">\n\t\t\t\t\t\t\t\t\t\t\t\t\t\t\t<img loading=\"lazy\" decoding=\"async\" width=\"456\" height=\"219\" src=\"https:\/\/investinalentejo.pt\/pt\/wp-content\/uploads\/2023\/03\/asset-22.png\" class=\"attachment-large size-large wp-image-1521\" alt=\"\" srcset=\"https:\/\/investinalentejo.pt\/pt\/wp-content\/uploads\/2023\/03\/asset-22.png 456w, https:\/\/investinalentejo.pt\/pt\/wp-content\/uploads\/2023\/03\/asset-22-300x144.png 300w\" sizes=\"auto, (max-width: 456px) 100vw, 456px\" \/>\t\t\t\t\t\t\t\t\t\t\t\t\t\t\t<\/div>\n\t\t\t\t<\/div>\n\t\t\t\t\t<\/div>\n\t\t<\/div>\n\t\t\t\t\t\t\t<\/div>\n\t\t<\/section>\n\t\t\t\t<section class=\"elementor-section elementor-top-section elementor-element elementor-element-d911ac2 elementor-section-boxed elementor-section-height-default elementor-section-height-default\" data-id=\"d911ac2\" data-element_type=\"section\">\n\t\t\t\t\t\t<div class=\"elementor-container elementor-column-gap-default\">\n\t\t\t\t\t<div class=\"elementor-column elementor-col-50 elementor-top-column elementor-element elementor-element-516b563\" data-id=\"516b563\" data-element_type=\"column\">\n\t\t\t<div class=\"elementor-widget-wrap elementor-element-populated\">\n\t\t\t\t\t\t\t\t<div class=\"elementor-element elementor-element-faa898e elementor-widget elementor-widget-image\" data-id=\"faa898e\" data-element_type=\"widget\" data-widget_type=\"image.default\">\n\t\t\t\t<div class=\"elementor-widget-container\">\n\t\t\t\t\t\t\t\t\t\t\t\t\t\t\t<img loading=\"lazy\" decoding=\"async\" width=\"456\" height=\"219\" src=\"https:\/\/investinalentejo.pt\/pt\/wp-content\/uploads\/2023\/03\/asset-23.png\" class=\"attachment-large size-large wp-image-1522\" alt=\"\" srcset=\"https:\/\/investinalentejo.pt\/pt\/wp-content\/uploads\/2023\/03\/asset-23.png 456w, https:\/\/investinalentejo.pt\/pt\/wp-content\/uploads\/2023\/03\/asset-23-300x144.png 300w\" sizes=\"auto, (max-width: 456px) 100vw, 456px\" \/>\t\t\t\t\t\t\t\t\t\t\t\t\t\t\t<\/div>\n\t\t\t\t<\/div>\n\t\t\t\t\t<\/div>\n\t\t<\/div>\n\t\t\t\t<div class=\"elementor-column elementor-col-50 elementor-top-column elementor-element elementor-element-32264d3\" data-id=\"32264d3\" data-element_type=\"column\">\n\t\t\t<div class=\"elementor-widget-wrap elementor-element-populated\">\n\t\t\t\t\t\t\t\t<div class=\"elementor-element elementor-element-165c2fb elementor-widget elementor-widget-image\" data-id=\"165c2fb\" data-element_type=\"widget\" data-widget_type=\"image.default\">\n\t\t\t\t<div class=\"elementor-widget-container\">\n\t\t\t\t\t\t\t\t\t\t\t\t\t\t\t<img loading=\"lazy\" decoding=\"async\" width=\"456\" height=\"219\" src=\"https:\/\/investinalentejo.pt\/pt\/wp-content\/uploads\/2023\/03\/asset-24-1.png\" class=\"attachment-large size-large wp-image-1546\" alt=\"\" srcset=\"https:\/\/investinalentejo.pt\/pt\/wp-content\/uploads\/2023\/03\/asset-24-1.png 456w, https:\/\/investinalentejo.pt\/pt\/wp-content\/uploads\/2023\/03\/asset-24-1-300x144.png 300w\" sizes=\"auto, (max-width: 456px) 100vw, 456px\" \/>\t\t\t\t\t\t\t\t\t\t\t\t\t\t\t<\/div>\n\t\t\t\t<\/div>\n\t\t\t\t\t<\/div>\n\t\t<\/div>\n\t\t\t\t\t\t\t<\/div>\n\t\t<\/section>\n\t\t\t\t<section class=\"elementor-section elementor-top-section elementor-element elementor-element-1019cb4 elementor-section-boxed elementor-section-height-default elementor-section-height-default\" data-id=\"1019cb4\" data-element_type=\"section\">\n\t\t\t\t\t\t<div class=\"elementor-container elementor-column-gap-default\">\n\t\t\t\t\t<div class=\"elementor-column elementor-col-50 elementor-top-column elementor-element elementor-element-e803fe9\" data-id=\"e803fe9\" data-element_type=\"column\">\n\t\t\t<div class=\"elementor-widget-wrap elementor-element-populated\">\n\t\t\t\t\t\t\t\t<div class=\"elementor-element elementor-element-349a61f elementor-widget elementor-widget-image\" data-id=\"349a61f\" data-element_type=\"widget\" data-widget_type=\"image.default\">\n\t\t\t\t<div class=\"elementor-widget-container\">\n\t\t\t\t\t\t\t\t\t\t\t\t\t\t\t<img loading=\"lazy\" decoding=\"async\" width=\"470\" height=\"235\" src=\"https:\/\/investinalentejo.pt\/pt\/wp-content\/uploads\/2023\/03\/asset-28.png\" class=\"attachment-large size-large wp-image-1531\" alt=\"\" srcset=\"https:\/\/investinalentejo.pt\/pt\/wp-content\/uploads\/2023\/03\/asset-28.png 470w, https:\/\/investinalentejo.pt\/pt\/wp-content\/uploads\/2023\/03\/asset-28-300x150.png 300w\" sizes=\"auto, (max-width: 470px) 100vw, 470px\" \/>\t\t\t\t\t\t\t\t\t\t\t\t\t\t\t<\/div>\n\t\t\t\t<\/div>\n\t\t\t\t\t<\/div>\n\t\t<\/div>\n\t\t\t\t<div class=\"elementor-column elementor-col-50 elementor-top-column elementor-element elementor-element-aeb5b1f\" data-id=\"aeb5b1f\" data-element_type=\"column\">\n\t\t\t<div class=\"elementor-widget-wrap elementor-element-populated\">\n\t\t\t\t\t\t\t\t<div class=\"elementor-element elementor-element-fb5eddd elementor-widget elementor-widget-image\" data-id=\"fb5eddd\" data-element_type=\"widget\" data-widget_type=\"image.default\">\n\t\t\t\t<div class=\"elementor-widget-container\">\n\t\t\t\t\t\t\t\t\t\t\t\t\t\t\t<img loading=\"lazy\" decoding=\"async\" width=\"456\" height=\"219\" src=\"https:\/\/investinalentejo.pt\/pt\/wp-content\/uploads\/2023\/03\/asset-25.png\" class=\"attachment-large size-large wp-image-1517\" alt=\"\" srcset=\"https:\/\/investinalentejo.pt\/pt\/wp-content\/uploads\/2023\/03\/asset-25.png 456w, https:\/\/investinalentejo.pt\/pt\/wp-content\/uploads\/2023\/03\/asset-25-300x144.png 300w\" sizes=\"auto, (max-width: 456px) 100vw, 456px\" \/>\t\t\t\t\t\t\t\t\t\t\t\t\t\t\t<\/div>\n\t\t\t\t<\/div>\n\t\t\t\t\t<\/div>\n\t\t<\/div>\n\t\t\t\t\t\t\t<\/div>\n\t\t<\/section>\n\t\t\t\t<section class=\"elementor-section elementor-top-section elementor-element elementor-element-3bf1221 elementor-section-boxed elementor-section-height-default elementor-section-height-default\" data-id=\"3bf1221\" data-element_type=\"section\">\n\t\t\t\t\t\t<div class=\"elementor-container elementor-column-gap-default\">\n\t\t\t\t\t<div class=\"elementor-column elementor-col-100 elementor-top-column elementor-element elementor-element-039f2db\" data-id=\"039f2db\" data-element_type=\"column\">\n\t\t\t<div class=\"elementor-widget-wrap elementor-element-populated\">\n\t\t\t\t\t\t\t\t<div class=\"elementor-element elementor-element-6193e66 text-with-columns elementor-widget elementor-widget-text-editor\" data-id=\"6193e66\" data-element_type=\"widget\" data-widget_type=\"text-editor.default\">\n\t\t\t\t<div class=\"elementor-widget-container\">\n\t\t\t<style>\/*! elementor - v3.16.0 - 12-09-2023 *\/\n.elementor-widget-text-editor.elementor-drop-cap-view-stacked .elementor-drop-cap{background-color:#69727d;color:#fff}.elementor-widget-text-editor.elementor-drop-cap-view-framed .elementor-drop-cap{color:#69727d;border:3px solid;background-color:transparent}.elementor-widget-text-editor:not(.elementor-drop-cap-view-default) .elementor-drop-cap{margin-top:8px}.elementor-widget-text-editor:not(.elementor-drop-cap-view-default) .elementor-drop-cap-letter{width:1em;height:1em}.elementor-widget-text-editor .elementor-drop-cap{float:left;text-align:center;line-height:1;font-size:50px}.elementor-widget-text-editor .elementor-drop-cap-letter{display:inline-block}<\/style>\t\t\t\tA ADRAL &#8211; Ag\u00eancia de Desenvolvimento Regional do Alentejo, respons\u00e1vel pela iniciativa Invest in Alentejo, dedica-se \u00e0 promo\u00e7\u00e3o do territ\u00f3rio e das suas vantagens para a atra\u00e7\u00e3o de novos neg\u00f3cios, nas diversas \u00e1reas da economia, e ao refor\u00e7o da competitividade das empresas existentes, atrav\u00e9s da presta\u00e7\u00e3o de servi\u00e7os direcionados para estes fins.\n\n\t\t\t\t\t\t<\/div>\n\t\t\t\t<\/div>\n\t\t\t\t\t<\/div>\n\t\t<\/div>\n\t\t\t\t\t\t\t<\/div>\n\t\t<\/section>\n\t\t\t\t\t\t\t<\/div>\n\t\t","protected":false},"excerpt":{"rendered":"<p>ADRAL A ADRAL &#8211; Ag\u00eancia de Desenvolvimento Regional do Alentejo, respons\u00e1vel pela iniciativa Invest in Alentejo, dedica-se \u00e0 promo\u00e7\u00e3o do territ\u00f3rio e das suas vantagens para a atra\u00e7\u00e3o de novos neg\u00f3cios, nas diversas \u00e1reas da economia, e ao refor\u00e7o da competitividade das empresas existentes, atrav\u00e9s da presta\u00e7\u00e3o de servi\u00e7os direcionados para estes fins.<\/p>\n","protected":false},"author":1,"featured_media":1402,"parent":215,"menu_order":0,"comment_status":"closed","ping_status":"closed","template":"","meta":{"footnotes":""},"class_list":["post-1395","page","type-page","status-publish","has-post-thumbnail","hentry"],"acf":[],"_links":{"self":[{"href":"https:\/\/investinalentejo.pt\/pt\/wp-json\/wp\/v2\/pages\/1395","targetHints":{"allow":["GET"]}}],"collection":[{"href":"https:\/\/investinalentejo.pt\/pt\/wp-json\/wp\/v2\/pages"}],"about":[{"href":"https:\/\/investinalentejo.pt\/pt\/wp-json\/wp\/v2\/types\/page"}],"author":[{"embeddable":true,"href":"https:\/\/investinalentejo.pt\/pt\/wp-json\/wp\/v2\/users\/1"}],"replies":[{"embeddable":true,"href":"https:\/\/investinalentejo.pt\/pt\/wp-json\/wp\/v2\/comments?post=1395"}],"version-history":[{"count":26,"href":"https:\/\/investinalentejo.pt\/pt\/wp-json\/wp\/v2\/pages\/1395\/revisions"}],"predecessor-version":[{"id":1766,"href":"https:\/\/investinalentejo.pt\/pt\/wp-json\/wp\/v2\/pages\/1395\/revisions\/1766"}],"up":[{"embeddable":true,"href":"https:\/\/investinalentejo.pt\/pt\/wp-json\/wp\/v2\/pages\/215"}],"wp:featuredmedia":[{"embeddable":true,"href":"https:\/\/investinalentejo.pt\/pt\/wp-json\/wp\/v2\/media\/1402"}],"wp:attachment":[{"href":"https:\/\/investinalentejo.pt\/pt\/wp-json\/wp\/v2\/media?parent=1395"}],"curies":[{"name":"wp","href":"https:\/\/api.w.org\/{rel}","templated":true}]}}