{"id":150,"date":"2022-11-26T14:51:40","date_gmt":"2022-11-26T14:51:40","guid":{"rendered":"http:\/\/investinalentejo.pt\/pt\/?page_id=150"},"modified":"2023-07-11T20:47:45","modified_gmt":"2023-07-11T20:47:45","slug":"cultura-e-turismo","status":"publish","type":"page","link":"https:\/\/investinalentejo.pt\/pt\/alentejo\/cultura-e-turismo\/","title":{"rendered":"Cultura e Turismo"},"content":{"rendered":"\t\t<div data-elementor-type=\"wp-page\" data-elementor-id=\"150\" class=\"elementor elementor-150\">\n\t\t\t\t\t\t\t\t\t<section class=\"elementor-section elementor-top-section elementor-element elementor-element-d1dd42d elementor-section-boxed elementor-section-height-default elementor-section-height-default\" data-id=\"d1dd42d\" data-element_type=\"section\">\n\t\t\t\t\t\t<div class=\"elementor-container elementor-column-gap-default\">\n\t\t\t\t\t<div class=\"elementor-column elementor-col-100 elementor-top-column elementor-element elementor-element-9f9ba71\" data-id=\"9f9ba71\" data-element_type=\"column\">\n\t\t\t<div class=\"elementor-widget-wrap elementor-element-populated\">\n\t\t\t\t\t\t\t\t<div class=\"elementor-element elementor-element-979224f elementor-widget elementor-widget-heading\" data-id=\"979224f\" data-element_type=\"widget\" data-widget_type=\"heading.default\">\n\t\t\t\t<div class=\"elementor-widget-container\">\n\t\t\t<style>\/*! elementor - v3.16.0 - 12-09-2023 *\/\n.elementor-heading-title{padding:0;margin:0;line-height:1}.elementor-widget-heading .elementor-heading-title[class*=elementor-size-]>a{color:inherit;font-size:inherit;line-height:inherit}.elementor-widget-heading .elementor-heading-title.elementor-size-small{font-size:15px}.elementor-widget-heading .elementor-heading-title.elementor-size-medium{font-size:19px}.elementor-widget-heading .elementor-heading-title.elementor-size-large{font-size:29px}.elementor-widget-heading .elementor-heading-title.elementor-size-xl{font-size:39px}.elementor-widget-heading .elementor-heading-title.elementor-size-xxl{font-size:59px}<\/style><h3 class=\"elementor-heading-title elementor-size-default\">Cultura e Turismo<\/h3>\t\t<\/div>\n\t\t\t\t<\/div>\n\t\t\t\t\t<\/div>\n\t\t<\/div>\n\t\t\t\t\t\t\t<\/div>\n\t\t<\/section>\n\t\t\t\t<section class=\"elementor-section elementor-top-section elementor-element elementor-element-326d66b elementor-section-boxed elementor-section-height-default elementor-section-height-default\" data-id=\"326d66b\" data-element_type=\"section\">\n\t\t\t\t\t\t<div class=\"elementor-container elementor-column-gap-default\">\n\t\t\t\t\t<div class=\"elementor-column elementor-col-50 elementor-top-column elementor-element elementor-element-4b99c8a\" data-id=\"4b99c8a\" data-element_type=\"column\">\n\t\t\t<div class=\"elementor-widget-wrap elementor-element-populated\">\n\t\t\t\t\t\t\t\t<div class=\"elementor-element elementor-element-25e8b4e elementor-widget elementor-widget-image\" data-id=\"25e8b4e\" data-element_type=\"widget\" data-widget_type=\"image.default\">\n\t\t\t\t<div class=\"elementor-widget-container\">\n\t\t\t<style>\/*! elementor - v3.16.0 - 12-09-2023 *\/\n.elementor-widget-image{text-align:center}.elementor-widget-image a{display:inline-block}.elementor-widget-image a img[src$=\".svg\"]{width:48px}.elementor-widget-image img{vertical-align:middle;display:inline-block}<\/style>\t\t\t\t\t\t\t\t\t\t\t\t<img loading=\"lazy\" decoding=\"async\" width=\"457\" height=\"219\" src=\"https:\/\/investinalentejo.pt\/pt\/wp-content\/uploads\/2023\/03\/asset-9.png\" class=\"attachment-large size-large wp-image-1509\" alt=\"\" srcset=\"https:\/\/investinalentejo.pt\/pt\/wp-content\/uploads\/2023\/03\/asset-9.png 457w, https:\/\/investinalentejo.pt\/pt\/wp-content\/uploads\/2023\/03\/asset-9-300x144.png 300w\" sizes=\"auto, (max-width: 457px) 100vw, 457px\" \/>\t\t\t\t\t\t\t\t\t\t\t\t\t\t\t<\/div>\n\t\t\t\t<\/div>\n\t\t\t\t\t<\/div>\n\t\t<\/div>\n\t\t\t\t<div class=\"elementor-column elementor-col-50 elementor-top-column elementor-element elementor-element-1ee757e\" data-id=\"1ee757e\" data-element_type=\"column\">\n\t\t\t<div class=\"elementor-widget-wrap elementor-element-populated\">\n\t\t\t\t\t\t\t\t<div class=\"elementor-element elementor-element-71ed525 elementor-widget elementor-widget-image\" data-id=\"71ed525\" data-element_type=\"widget\" data-widget_type=\"image.default\">\n\t\t\t\t<div class=\"elementor-widget-container\">\n\t\t\t\t\t\t\t\t\t\t\t\t\t\t\t<img loading=\"lazy\" decoding=\"async\" width=\"456\" height=\"219\" src=\"https:\/\/investinalentejo.pt\/pt\/wp-content\/uploads\/2023\/03\/asset-10.png\" class=\"attachment-large size-large wp-image-1510\" alt=\"\" srcset=\"https:\/\/investinalentejo.pt\/pt\/wp-content\/uploads\/2023\/03\/asset-10.png 456w, https:\/\/investinalentejo.pt\/pt\/wp-content\/uploads\/2023\/03\/asset-10-300x144.png 300w\" sizes=\"auto, (max-width: 456px) 100vw, 456px\" \/>\t\t\t\t\t\t\t\t\t\t\t\t\t\t\t<\/div>\n\t\t\t\t<\/div>\n\t\t\t\t\t<\/div>\n\t\t<\/div>\n\t\t\t\t\t\t\t<\/div>\n\t\t<\/section>\n\t\t\t\t<section class=\"elementor-section elementor-top-section elementor-element elementor-element-233281f elementor-section-boxed elementor-section-height-default elementor-section-height-default\" data-id=\"233281f\" data-element_type=\"section\">\n\t\t\t\t\t\t<div class=\"elementor-container elementor-column-gap-default\">\n\t\t\t\t\t<div class=\"elementor-column elementor-col-50 elementor-top-column elementor-element elementor-element-e49c871\" data-id=\"e49c871\" data-element_type=\"column\">\n\t\t\t<div class=\"elementor-widget-wrap elementor-element-populated\">\n\t\t\t\t\t\t\t\t<div class=\"elementor-element elementor-element-7009316 elementor-widget elementor-widget-image\" data-id=\"7009316\" data-element_type=\"widget\" data-widget_type=\"image.default\">\n\t\t\t\t<div class=\"elementor-widget-container\">\n\t\t\t\t\t\t\t\t\t\t\t\t\t\t\t<img loading=\"lazy\" decoding=\"async\" width=\"457\" height=\"219\" src=\"https:\/\/investinalentejo.pt\/pt\/wp-content\/uploads\/2023\/03\/asset-12.png\" class=\"attachment-large size-large wp-image-1507\" alt=\"\" srcset=\"https:\/\/investinalentejo.pt\/pt\/wp-content\/uploads\/2023\/03\/asset-12.png 457w, https:\/\/investinalentejo.pt\/pt\/wp-content\/uploads\/2023\/03\/asset-12-300x144.png 300w\" sizes=\"auto, (max-width: 457px) 100vw, 457px\" \/>\t\t\t\t\t\t\t\t\t\t\t\t\t\t\t<\/div>\n\t\t\t\t<\/div>\n\t\t\t\t\t<\/div>\n\t\t<\/div>\n\t\t\t\t<div class=\"elementor-column elementor-col-50 elementor-top-column elementor-element elementor-element-f892d0d\" data-id=\"f892d0d\" data-element_type=\"column\">\n\t\t\t<div class=\"elementor-widget-wrap elementor-element-populated\">\n\t\t\t\t\t\t\t\t<div class=\"elementor-element elementor-element-bffe766 elementor-widget elementor-widget-image\" data-id=\"bffe766\" data-element_type=\"widget\" data-widget_type=\"image.default\">\n\t\t\t\t<div class=\"elementor-widget-container\">\n\t\t\t\t\t\t\t\t\t\t\t\t\t\t\t<img loading=\"lazy\" decoding=\"async\" width=\"456\" height=\"219\" src=\"https:\/\/investinalentejo.pt\/pt\/wp-content\/uploads\/2023\/03\/asset-11.png\" class=\"attachment-large size-large wp-image-1506\" alt=\"\" srcset=\"https:\/\/investinalentejo.pt\/pt\/wp-content\/uploads\/2023\/03\/asset-11.png 456w, https:\/\/investinalentejo.pt\/pt\/wp-content\/uploads\/2023\/03\/asset-11-300x144.png 300w\" sizes=\"auto, (max-width: 456px) 100vw, 456px\" \/>\t\t\t\t\t\t\t\t\t\t\t\t\t\t\t<\/div>\n\t\t\t\t<\/div>\n\t\t\t\t\t<\/div>\n\t\t<\/div>\n\t\t\t\t\t\t\t<\/div>\n\t\t<\/section>\n\t\t\t\t<section class=\"elementor-section elementor-top-section elementor-element elementor-element-2b2ffe6 elementor-section-boxed elementor-section-height-default elementor-section-height-default\" data-id=\"2b2ffe6\" data-element_type=\"section\">\n\t\t\t\t\t\t<div class=\"elementor-container elementor-column-gap-default\">\n\t\t\t\t\t<div class=\"elementor-column elementor-col-50 elementor-top-column elementor-element elementor-element-8189d81\" data-id=\"8189d81\" data-element_type=\"column\">\n\t\t\t<div class=\"elementor-widget-wrap elementor-element-populated\">\n\t\t\t\t\t\t\t\t<div class=\"elementor-element elementor-element-08aded4 elementor-widget elementor-widget-image\" data-id=\"08aded4\" data-element_type=\"widget\" data-widget_type=\"image.default\">\n\t\t\t\t<div class=\"elementor-widget-container\">\n\t\t\t\t\t\t\t\t\t\t\t\t\t\t\t<img loading=\"lazy\" decoding=\"async\" width=\"456\" height=\"219\" src=\"https:\/\/investinalentejo.pt\/pt\/wp-content\/uploads\/2023\/03\/asset-13.png\" class=\"attachment-large size-large wp-image-1508\" alt=\"\" srcset=\"https:\/\/investinalentejo.pt\/pt\/wp-content\/uploads\/2023\/03\/asset-13.png 456w, https:\/\/investinalentejo.pt\/pt\/wp-content\/uploads\/2023\/03\/asset-13-300x144.png 300w\" sizes=\"auto, (max-width: 456px) 100vw, 456px\" \/>\t\t\t\t\t\t\t\t\t\t\t\t\t\t\t<\/div>\n\t\t\t\t<\/div>\n\t\t\t\t\t<\/div>\n\t\t<\/div>\n\t\t\t\t<div class=\"elementor-column elementor-col-50 elementor-top-column elementor-element elementor-element-57ec1bb\" data-id=\"57ec1bb\" data-element_type=\"column\">\n\t\t\t<div class=\"elementor-widget-wrap\">\n\t\t\t\t\t\t\t\t\t<\/div>\n\t\t<\/div>\n\t\t\t\t\t\t\t<\/div>\n\t\t<\/section>\n\t\t\t\t<section class=\"elementor-section elementor-top-section elementor-element elementor-element-8e55093 elementor-section-boxed elementor-section-height-default elementor-section-height-default\" data-id=\"8e55093\" data-element_type=\"section\">\n\t\t\t\t\t\t<div class=\"elementor-container elementor-column-gap-default\">\n\t\t\t\t\t<div class=\"elementor-column elementor-col-100 elementor-top-column elementor-element elementor-element-3b6aea6\" data-id=\"3b6aea6\" data-element_type=\"column\">\n\t\t\t<div class=\"elementor-widget-wrap elementor-element-populated\">\n\t\t\t\t\t\t\t\t<div class=\"elementor-element elementor-element-43eaa37 text-with-columns elementor-widget elementor-widget-text-editor\" data-id=\"43eaa37\" data-element_type=\"widget\" data-widget_type=\"text-editor.default\">\n\t\t\t\t<div class=\"elementor-widget-container\">\n\t\t\t<style>\/*! elementor - v3.16.0 - 12-09-2023 *\/\n.elementor-widget-text-editor.elementor-drop-cap-view-stacked .elementor-drop-cap{background-color:#69727d;color:#fff}.elementor-widget-text-editor.elementor-drop-cap-view-framed .elementor-drop-cap{color:#69727d;border:3px solid;background-color:transparent}.elementor-widget-text-editor:not(.elementor-drop-cap-view-default) .elementor-drop-cap{margin-top:8px}.elementor-widget-text-editor:not(.elementor-drop-cap-view-default) .elementor-drop-cap-letter{width:1em;height:1em}.elementor-widget-text-editor .elementor-drop-cap{float:left;text-align:center;line-height:1;font-size:50px}.elementor-widget-text-editor .elementor-drop-cap-letter{display:inline-block}<\/style>\t\t\t\t<p><span style=\"font-weight: 400;\">O Alentejo tem muito para oferecer aos turistas que visitam a regi\u00e3o: belas praias, monumentos hist\u00f3ricos, uma gastronomia rica, vinhos e outros produtos alimentares de excel\u00eancia, alguns dos quais distinguidos mundialmente, entre uma mir\u00edade de outras ofertas.<\/span><\/p><p><span style=\"font-weight: 400;\">\u00c9, assim, natural que, nos \u00faltimos anos, se assista a um aumento do volume de neg\u00f3cios no setor do turismo e cultura, com o ano de 2022 a ser considerado, pelo <\/span><span style=\"font-weight: 400;\">Presidente da Entidade regional de Turismo do Alentejo e Ribatejo, o melhor ano tur\u00edstico de sempre para o Alentejo, com o n\u00famero de dormidas na regi\u00e3o a atingir valores id\u00eanticos aos de 2019, numa fase pr\u00e9 pandemia.<\/span><\/p><p><span style=\"font-weight: 400;\">O extraordin\u00e1rio patrim\u00f3nio cultural do Alentejo, tanto material como imaterial, potencia o desenvolvimento do turismo de nichos, das ind\u00fastrias culturais e criativas, de atividades relacionadas com a sua valoriza\u00e7\u00e3o e qualifica\u00e7\u00e3o e, at\u00e9, das ind\u00fastrias relacionadas com tecnologias de informa\u00e7\u00e3o e comunica\u00e7\u00e3o, que podem tirar partido deste acervo para desenvolver novos conceitos tecnol\u00f3gicos que potenciem a interatividade e a articula\u00e7\u00e3o entre todos os elementos patrimoniais.<\/span><\/p>\t\t\t\t\t\t<\/div>\n\t\t\t\t<\/div>\n\t\t\t\t\t<\/div>\n\t\t<\/div>\n\t\t\t\t\t\t\t<\/div>\n\t\t<\/section>\n\t\t\t\t\t\t\t<\/div>\n\t\t","protected":false},"excerpt":{"rendered":"<p>O Alentejo tem muito para oferecer aos turistas que visitam a regi\u00e3o: belas praias, monumentos hist\u00f3ricos, uma gastronomia rica, vinhos e outros produtos alimentares de excel\u00eancia, alguns dos quais distinguidos mundialmente, entre uma mir\u00edade de outras ofertas. \u00c9, assim, natural que, nos \u00faltimos anos, se assista a um aumento do volume de neg\u00f3cios no setor [&hellip;]<\/p>\n","protected":false},"author":1,"featured_media":752,"parent":207,"menu_order":3,"comment_status":"closed","ping_status":"closed","template":"","meta":{"footnotes":""},"class_list":["post-150","page","type-page","status-publish","has-post-thumbnail","hentry"],"acf":[],"_links":{"self":[{"href":"https:\/\/investinalentejo.pt\/pt\/wp-json\/wp\/v2\/pages\/150","targetHints":{"allow":["GET"]}}],"collection":[{"href":"https:\/\/investinalentejo.pt\/pt\/wp-json\/wp\/v2\/pages"}],"about":[{"href":"https:\/\/investinalentejo.pt\/pt\/wp-json\/wp\/v2\/types\/page"}],"author":[{"embeddable":true,"href":"https:\/\/investinalentejo.pt\/pt\/wp-json\/wp\/v2\/users\/1"}],"replies":[{"embeddable":true,"href":"https:\/\/investinalentejo.pt\/pt\/wp-json\/wp\/v2\/comments?post=150"}],"version-history":[{"count":50,"href":"https:\/\/investinalentejo.pt\/pt\/wp-json\/wp\/v2\/pages\/150\/revisions"}],"predecessor-version":[{"id":1760,"href":"https:\/\/investinalentejo.pt\/pt\/wp-json\/wp\/v2\/pages\/150\/revisions\/1760"}],"up":[{"embeddable":true,"href":"https:\/\/investinalentejo.pt\/pt\/wp-json\/wp\/v2\/pages\/207"}],"wp:featuredmedia":[{"embeddable":true,"href":"https:\/\/investinalentejo.pt\/pt\/wp-json\/wp\/v2\/media\/752"}],"wp:attachment":[{"href":"https:\/\/investinalentejo.pt\/pt\/wp-json\/wp\/v2\/media?parent=150"}],"curies":[{"name":"wp","href":"https:\/\/api.w.org\/{rel}","templated":true}]}}