{"id":182,"date":"2022-11-26T15:11:33","date_gmt":"2022-11-26T15:11:33","guid":{"rendered":"http:\/\/investinalentejo.pt\/pt\/?page_id=182"},"modified":"2023-07-11T20:48:10","modified_gmt":"2023-07-11T20:48:10","slug":"qualidade-de-vida","status":"publish","type":"page","link":"https:\/\/investinalentejo.pt\/pt\/alentejo\/qualidade-de-vida\/","title":{"rendered":"Qualidade de vida"},"content":{"rendered":"\t\t<div data-elementor-type=\"wp-page\" data-elementor-id=\"182\" class=\"elementor elementor-182\">\n\t\t\t\t\t\t\t\t\t<section class=\"elementor-section elementor-top-section elementor-element elementor-element-938acb1 elementor-section-boxed elementor-section-height-default elementor-section-height-default\" data-id=\"938acb1\" data-element_type=\"section\">\n\t\t\t\t\t\t<div class=\"elementor-container elementor-column-gap-default\">\n\t\t\t\t\t<div class=\"elementor-column elementor-col-100 elementor-top-column elementor-element elementor-element-8b60b68\" data-id=\"8b60b68\" data-element_type=\"column\">\n\t\t\t<div class=\"elementor-widget-wrap elementor-element-populated\">\n\t\t\t\t\t\t\t\t<div class=\"elementor-element elementor-element-dd3eaf6 elementor-widget elementor-widget-heading\" data-id=\"dd3eaf6\" data-element_type=\"widget\" data-widget_type=\"heading.default\">\n\t\t\t\t<div class=\"elementor-widget-container\">\n\t\t\t<style>\/*! elementor - v3.16.0 - 12-09-2023 *\/\n.elementor-heading-title{padding:0;margin:0;line-height:1}.elementor-widget-heading .elementor-heading-title[class*=elementor-size-]>a{color:inherit;font-size:inherit;line-height:inherit}.elementor-widget-heading .elementor-heading-title.elementor-size-small{font-size:15px}.elementor-widget-heading .elementor-heading-title.elementor-size-medium{font-size:19px}.elementor-widget-heading .elementor-heading-title.elementor-size-large{font-size:29px}.elementor-widget-heading .elementor-heading-title.elementor-size-xl{font-size:39px}.elementor-widget-heading .elementor-heading-title.elementor-size-xxl{font-size:59px}<\/style><h3 class=\"elementor-heading-title elementor-size-default\">Qualidade de vida<\/h3>\t\t<\/div>\n\t\t\t\t<\/div>\n\t\t\t\t\t<\/div>\n\t\t<\/div>\n\t\t\t\t\t\t\t<\/div>\n\t\t<\/section>\n\t\t\t\t<section class=\"elementor-section elementor-top-section elementor-element elementor-element-a2631fd elementor-section-boxed elementor-section-height-default elementor-section-height-default\" data-id=\"a2631fd\" data-element_type=\"section\">\n\t\t\t\t\t\t<div class=\"elementor-container elementor-column-gap-default\">\n\t\t\t\t\t<div class=\"elementor-column elementor-col-50 elementor-top-column elementor-element elementor-element-1a86821\" data-id=\"1a86821\" data-element_type=\"column\">\n\t\t\t<div class=\"elementor-widget-wrap elementor-element-populated\">\n\t\t\t\t\t\t\t\t<div class=\"elementor-element elementor-element-dfc77f9 elementor-widget elementor-widget-image\" data-id=\"dfc77f9\" data-element_type=\"widget\" data-widget_type=\"image.default\">\n\t\t\t\t<div class=\"elementor-widget-container\">\n\t\t\t<style>\/*! elementor - v3.16.0 - 12-09-2023 *\/\n.elementor-widget-image{text-align:center}.elementor-widget-image a{display:inline-block}.elementor-widget-image a img[src$=\".svg\"]{width:48px}.elementor-widget-image img{vertical-align:middle;display:inline-block}<\/style>\t\t\t\t\t\t\t\t\t\t\t\t<img loading=\"lazy\" decoding=\"async\" width=\"457\" height=\"220\" src=\"https:\/\/investinalentejo.pt\/pt\/wp-content\/uploads\/2023\/03\/asset-14.png\" class=\"attachment-large size-large wp-image-1535\" alt=\"\" srcset=\"https:\/\/investinalentejo.pt\/pt\/wp-content\/uploads\/2023\/03\/asset-14.png 457w, https:\/\/investinalentejo.pt\/pt\/wp-content\/uploads\/2023\/03\/asset-14-300x144.png 300w\" sizes=\"auto, (max-width: 457px) 100vw, 457px\" \/>\t\t\t\t\t\t\t\t\t\t\t\t\t\t\t<\/div>\n\t\t\t\t<\/div>\n\t\t\t\t\t<\/div>\n\t\t<\/div>\n\t\t\t\t<div class=\"elementor-column elementor-col-50 elementor-top-column elementor-element elementor-element-c7a1738\" data-id=\"c7a1738\" data-element_type=\"column\">\n\t\t\t<div class=\"elementor-widget-wrap elementor-element-populated\">\n\t\t\t\t\t\t\t\t<div class=\"elementor-element elementor-element-e301c96 elementor-widget elementor-widget-image\" data-id=\"e301c96\" data-element_type=\"widget\" data-widget_type=\"image.default\">\n\t\t\t\t<div class=\"elementor-widget-container\">\n\t\t\t\t\t\t\t\t\t\t\t\t\t\t\t<img loading=\"lazy\" decoding=\"async\" width=\"458\" height=\"220\" src=\"https:\/\/investinalentejo.pt\/pt\/wp-content\/uploads\/2023\/03\/asset-15.png\" class=\"attachment-large size-large wp-image-1536\" alt=\"\" srcset=\"https:\/\/investinalentejo.pt\/pt\/wp-content\/uploads\/2023\/03\/asset-15.png 458w, https:\/\/investinalentejo.pt\/pt\/wp-content\/uploads\/2023\/03\/asset-15-300x144.png 300w\" sizes=\"auto, (max-width: 458px) 100vw, 458px\" \/>\t\t\t\t\t\t\t\t\t\t\t\t\t\t\t<\/div>\n\t\t\t\t<\/div>\n\t\t\t\t\t<\/div>\n\t\t<\/div>\n\t\t\t\t\t\t\t<\/div>\n\t\t<\/section>\n\t\t\t\t<section class=\"elementor-section elementor-top-section elementor-element elementor-element-7010bc6 elementor-section-boxed elementor-section-height-default elementor-section-height-default\" data-id=\"7010bc6\" data-element_type=\"section\">\n\t\t\t\t\t\t<div class=\"elementor-container elementor-column-gap-default\">\n\t\t\t\t\t<div class=\"elementor-column elementor-col-50 elementor-top-column elementor-element elementor-element-0975342\" data-id=\"0975342\" data-element_type=\"column\">\n\t\t\t<div class=\"elementor-widget-wrap elementor-element-populated\">\n\t\t\t\t\t\t\t\t<div class=\"elementor-element elementor-element-3716ad7 elementor-widget elementor-widget-image\" data-id=\"3716ad7\" data-element_type=\"widget\" data-widget_type=\"image.default\">\n\t\t\t\t<div class=\"elementor-widget-container\">\n\t\t\t\t\t\t\t\t\t\t\t\t\t\t\t<img loading=\"lazy\" decoding=\"async\" width=\"457\" height=\"220\" src=\"https:\/\/investinalentejo.pt\/pt\/wp-content\/uploads\/2023\/03\/asset-27.png\" class=\"attachment-large size-large wp-image-1541\" alt=\"\" srcset=\"https:\/\/investinalentejo.pt\/pt\/wp-content\/uploads\/2023\/03\/asset-27.png 457w, https:\/\/investinalentejo.pt\/pt\/wp-content\/uploads\/2023\/03\/asset-27-300x144.png 300w\" sizes=\"auto, (max-width: 457px) 100vw, 457px\" \/>\t\t\t\t\t\t\t\t\t\t\t\t\t\t\t<\/div>\n\t\t\t\t<\/div>\n\t\t\t\t\t<\/div>\n\t\t<\/div>\n\t\t\t\t<div class=\"elementor-column elementor-col-50 elementor-top-column elementor-element elementor-element-4bfce9a\" data-id=\"4bfce9a\" data-element_type=\"column\">\n\t\t\t<div class=\"elementor-widget-wrap elementor-element-populated\">\n\t\t\t\t\t\t\t\t<div class=\"elementor-element elementor-element-93f9b3d elementor-widget elementor-widget-image\" data-id=\"93f9b3d\" data-element_type=\"widget\" data-widget_type=\"image.default\">\n\t\t\t\t<div class=\"elementor-widget-container\">\n\t\t\t\t\t\t\t\t\t\t\t\t\t\t\t<img loading=\"lazy\" decoding=\"async\" width=\"458\" height=\"220\" src=\"https:\/\/investinalentejo.pt\/pt\/wp-content\/uploads\/2023\/03\/asset-16.png\" class=\"attachment-large size-large wp-image-1537\" alt=\"\" srcset=\"https:\/\/investinalentejo.pt\/pt\/wp-content\/uploads\/2023\/03\/asset-16.png 458w, https:\/\/investinalentejo.pt\/pt\/wp-content\/uploads\/2023\/03\/asset-16-300x144.png 300w\" sizes=\"auto, (max-width: 458px) 100vw, 458px\" \/>\t\t\t\t\t\t\t\t\t\t\t\t\t\t\t<\/div>\n\t\t\t\t<\/div>\n\t\t\t\t\t<\/div>\n\t\t<\/div>\n\t\t\t\t\t\t\t<\/div>\n\t\t<\/section>\n\t\t\t\t<section class=\"elementor-section elementor-top-section elementor-element elementor-element-896093b elementor-section-boxed elementor-section-height-default elementor-section-height-default\" data-id=\"896093b\" data-element_type=\"section\">\n\t\t\t\t\t\t<div class=\"elementor-container elementor-column-gap-default\">\n\t\t\t\t\t<div class=\"elementor-column elementor-col-50 elementor-top-column elementor-element elementor-element-bdb622c\" data-id=\"bdb622c\" data-element_type=\"column\">\n\t\t\t<div class=\"elementor-widget-wrap elementor-element-populated\">\n\t\t\t\t\t\t\t\t<div class=\"elementor-element elementor-element-8b2d96a elementor-widget elementor-widget-image\" data-id=\"8b2d96a\" data-element_type=\"widget\" data-widget_type=\"image.default\">\n\t\t\t\t<div class=\"elementor-widget-container\">\n\t\t\t\t\t\t\t\t\t\t\t\t\t\t\t<img loading=\"lazy\" decoding=\"async\" width=\"457\" height=\"219\" src=\"https:\/\/investinalentejo.pt\/pt\/wp-content\/uploads\/2023\/03\/asset-17.png\" class=\"attachment-large size-large wp-image-1538\" alt=\"\" srcset=\"https:\/\/investinalentejo.pt\/pt\/wp-content\/uploads\/2023\/03\/asset-17.png 457w, https:\/\/investinalentejo.pt\/pt\/wp-content\/uploads\/2023\/03\/asset-17-300x144.png 300w\" sizes=\"auto, (max-width: 457px) 100vw, 457px\" \/>\t\t\t\t\t\t\t\t\t\t\t\t\t\t\t<\/div>\n\t\t\t\t<\/div>\n\t\t\t\t\t<\/div>\n\t\t<\/div>\n\t\t\t\t<div class=\"elementor-column elementor-col-50 elementor-top-column elementor-element elementor-element-cd2656b\" data-id=\"cd2656b\" data-element_type=\"column\">\n\t\t\t<div class=\"elementor-widget-wrap elementor-element-populated\">\n\t\t\t\t\t\t\t\t<div class=\"elementor-element elementor-element-5df0217 elementor-widget elementor-widget-image\" data-id=\"5df0217\" data-element_type=\"widget\" data-widget_type=\"image.default\">\n\t\t\t\t<div class=\"elementor-widget-container\">\n\t\t\t\t\t\t\t\t\t\t\t\t\t\t\t<img loading=\"lazy\" decoding=\"async\" width=\"458\" height=\"219\" src=\"https:\/\/investinalentejo.pt\/pt\/wp-content\/uploads\/2023\/03\/asset-18.png\" class=\"attachment-large size-large wp-image-1539\" alt=\"\" srcset=\"https:\/\/investinalentejo.pt\/pt\/wp-content\/uploads\/2023\/03\/asset-18.png 458w, https:\/\/investinalentejo.pt\/pt\/wp-content\/uploads\/2023\/03\/asset-18-300x143.png 300w\" sizes=\"auto, (max-width: 458px) 100vw, 458px\" \/>\t\t\t\t\t\t\t\t\t\t\t\t\t\t\t<\/div>\n\t\t\t\t<\/div>\n\t\t\t\t\t<\/div>\n\t\t<\/div>\n\t\t\t\t\t\t\t<\/div>\n\t\t<\/section>\n\t\t\t\t<section class=\"elementor-section elementor-top-section elementor-element elementor-element-b14407a elementor-section-boxed elementor-section-height-default elementor-section-height-default\" data-id=\"b14407a\" data-element_type=\"section\">\n\t\t\t\t\t\t<div class=\"elementor-container elementor-column-gap-default\">\n\t\t\t\t\t<div class=\"elementor-column elementor-col-100 elementor-top-column elementor-element elementor-element-f0bbb34\" data-id=\"f0bbb34\" data-element_type=\"column\">\n\t\t\t<div class=\"elementor-widget-wrap elementor-element-populated\">\n\t\t\t\t\t\t\t\t<div class=\"elementor-element elementor-element-98723f1 text-with-columns elementor-widget elementor-widget-text-editor\" data-id=\"98723f1\" data-element_type=\"widget\" data-widget_type=\"text-editor.default\">\n\t\t\t\t<div class=\"elementor-widget-container\">\n\t\t\t<style>\/*! elementor - v3.16.0 - 12-09-2023 *\/\n.elementor-widget-text-editor.elementor-drop-cap-view-stacked .elementor-drop-cap{background-color:#69727d;color:#fff}.elementor-widget-text-editor.elementor-drop-cap-view-framed .elementor-drop-cap{color:#69727d;border:3px solid;background-color:transparent}.elementor-widget-text-editor:not(.elementor-drop-cap-view-default) .elementor-drop-cap{margin-top:8px}.elementor-widget-text-editor:not(.elementor-drop-cap-view-default) .elementor-drop-cap-letter{width:1em;height:1em}.elementor-widget-text-editor .elementor-drop-cap{float:left;text-align:center;line-height:1;font-size:50px}.elementor-widget-text-editor .elementor-drop-cap-letter{display:inline-block}<\/style>\t\t\t\t<p><span style=\"font-weight: 400;\">A vasta riqueza patrimonial, a paisagem diversificada e bem preservada e a elevada qualidade ambiental do Alentejo garante, \u00e0 semelhan\u00e7a do resto do Pa\u00eds, uma excelente qualidade de vida. De clima mediterr\u00e2nico, naquela que \u00e9 a regi\u00e3o mais soalheira de Portugal, o sol marca presen\u00e7a na maior parte dos dias ao longo de todo o ano, enquanto os deslumbrantes c\u00e9us estrelados valeram \u00e0 regi\u00e3o do Alqueva a inclus\u00e3o pela National Geographic na lista dos sete melhores locais do mundo para ver as Estrelas. O Alentejo tem 126 km de costa, pontuada por praias paradis\u00edacas e percorrida por trilhos naturais internacionalmente reconhecidos.<\/span><\/p><p><span style=\"font-weight: 400;\">Os portugueses s\u00e3o pessoas de talento, hospitaleiras e recetivas a outras culturas e \u00e0 inova\u00e7\u00e3o, e os alentejanos n\u00e3o s\u00e3o exce\u00e7\u00e3o. A afabilidade da popula\u00e7\u00e3o reflete-se na facilidade de rela\u00e7\u00e3o com as entidades p\u00fablicas, nomeadamente com as autarquias e com institui\u00e7\u00f5es de ensino superior. O ingl\u00eas, cujo ensino \u00e9 uma mat\u00e9ria obrigat\u00f3ria para os alunos do primeiro ciclo, \u00e9 a l\u00edngua estrangeira mais falada em Portugal (seguida do franc\u00eas e do espanhol), profundamente dominada em contexto de neg\u00f3cios e educa\u00e7\u00e3o.\u00a0<\/span><\/p>\t\t\t\t\t\t<\/div>\n\t\t\t\t<\/div>\n\t\t\t\t\t<\/div>\n\t\t<\/div>\n\t\t\t\t\t\t\t<\/div>\n\t\t<\/section>\n\t\t\t\t\t\t\t<\/div>\n\t\t","protected":false},"excerpt":{"rendered":"<p>A vasta riqueza patrimonial, a paisagem diversificada e bem preservada e a elevada qualidade ambiental do Alentejo garante, \u00e0 semelhan\u00e7a do resto do Pa\u00eds, uma excelente qualidade de vida. De clima mediterr\u00e2nico, naquela que \u00e9 a regi\u00e3o mais soalheira de Portugal, o sol marca presen\u00e7a na maior parte dos dias ao longo de todo o [&hellip;]<\/p>\n","protected":false},"author":1,"featured_media":1710,"parent":207,"menu_order":4,"comment_status":"closed","ping_status":"closed","template":"","meta":{"footnotes":""},"class_list":["post-182","page","type-page","status-publish","has-post-thumbnail","hentry"],"acf":[],"_links":{"self":[{"href":"https:\/\/investinalentejo.pt\/pt\/wp-json\/wp\/v2\/pages\/182","targetHints":{"allow":["GET"]}}],"collection":[{"href":"https:\/\/investinalentejo.pt\/pt\/wp-json\/wp\/v2\/pages"}],"about":[{"href":"https:\/\/investinalentejo.pt\/pt\/wp-json\/wp\/v2\/types\/page"}],"author":[{"embeddable":true,"href":"https:\/\/investinalentejo.pt\/pt\/wp-json\/wp\/v2\/users\/1"}],"replies":[{"embeddable":true,"href":"https:\/\/investinalentejo.pt\/pt\/wp-json\/wp\/v2\/comments?post=182"}],"version-history":[{"count":28,"href":"https:\/\/investinalentejo.pt\/pt\/wp-json\/wp\/v2\/pages\/182\/revisions"}],"predecessor-version":[{"id":1763,"href":"https:\/\/investinalentejo.pt\/pt\/wp-json\/wp\/v2\/pages\/182\/revisions\/1763"}],"up":[{"embeddable":true,"href":"https:\/\/investinalentejo.pt\/pt\/wp-json\/wp\/v2\/pages\/207"}],"wp:featuredmedia":[{"embeddable":true,"href":"https:\/\/investinalentejo.pt\/pt\/wp-json\/wp\/v2\/media\/1710"}],"wp:attachment":[{"href":"https:\/\/investinalentejo.pt\/pt\/wp-json\/wp\/v2\/media?parent=182"}],"curies":[{"name":"wp","href":"https:\/\/api.w.org\/{rel}","templated":true}]}}