{"id":225,"date":"2022-11-27T18:36:42","date_gmt":"2022-11-27T18:36:42","guid":{"rendered":"http:\/\/investinalentejo.pt\/pt\/?page_id=225"},"modified":"2023-08-31T16:53:25","modified_gmt":"2023-08-31T16:53:25","slug":"invest-in-alentejo","status":"publish","type":"page","link":"https:\/\/investinalentejo.pt\/pt\/alentejo\/invest-in-alentejo\/","title":{"rendered":"Invest in Alentejo: A Iniciativa"},"content":{"rendered":"\t\t<div data-elementor-type=\"wp-page\" data-elementor-id=\"225\" class=\"elementor elementor-225\">\n\t\t\t\t\t\t\t\t\t<section class=\"elementor-section elementor-top-section elementor-element elementor-element-0a4134b elementor-section-boxed elementor-section-height-default elementor-section-height-default\" data-id=\"0a4134b\" data-element_type=\"section\">\n\t\t\t\t\t\t<div class=\"elementor-container elementor-column-gap-default\">\n\t\t\t\t\t<div class=\"elementor-column elementor-col-100 elementor-top-column elementor-element elementor-element-7e63afc\" data-id=\"7e63afc\" data-element_type=\"column\">\n\t\t\t<div class=\"elementor-widget-wrap elementor-element-populated\">\n\t\t\t\t\t\t\t\t<div class=\"elementor-element elementor-element-28fe0b4 elementor-widget elementor-widget-video\" data-id=\"28fe0b4\" data-element_type=\"widget\" data-settings=\"{&quot;video_type&quot;:&quot;hosted&quot;,&quot;autoplay&quot;:&quot;yes&quot;,&quot;controls&quot;:&quot;yes&quot;}\" data-widget_type=\"video.default\">\n\t\t\t\t<div class=\"elementor-widget-container\">\n\t\t\t<style>\/*! elementor - v3.16.0 - 12-09-2023 *\/\n.elementor-widget-video .elementor-widget-container{overflow:hidden;transform:translateZ(0)}.elementor-widget-video .elementor-wrapper{aspect-ratio:var(--video-aspect-ratio)}.elementor-widget-video .elementor-wrapper iframe,.elementor-widget-video .elementor-wrapper video{height:100%;width:100%;display:flex;border:none;background-color:#000}@supports not (aspect-ratio:1\/1){.elementor-widget-video .elementor-wrapper{position:relative;overflow:hidden;height:0;padding-bottom:calc(100% \/ var(--video-aspect-ratio))}.elementor-widget-video .elementor-wrapper iframe,.elementor-widget-video .elementor-wrapper video{position:absolute;top:0;right:0;bottom:0;left:0}}.elementor-widget-video .elementor-open-inline .elementor-custom-embed-image-overlay{position:absolute;top:0;right:0;bottom:0;left:0;background-size:cover;background-position:50%}.elementor-widget-video .elementor-custom-embed-image-overlay{cursor:pointer;text-align:center}.elementor-widget-video .elementor-custom-embed-image-overlay:hover .elementor-custom-embed-play i{opacity:1}.elementor-widget-video .elementor-custom-embed-image-overlay img{display:block;width:100%;aspect-ratio:var(--video-aspect-ratio);-o-object-fit:cover;object-fit:cover;-o-object-position:center center;object-position:center center}@supports not (aspect-ratio:1\/1){.elementor-widget-video .elementor-custom-embed-image-overlay{position:relative;overflow:hidden;height:0;padding-bottom:calc(100% \/ var(--video-aspect-ratio))}.elementor-widget-video .elementor-custom-embed-image-overlay img{position:absolute;top:0;right:0;bottom:0;left:0}}.elementor-widget-video .e-hosted-video .elementor-video{-o-object-fit:cover;object-fit:cover}.e-con-inner>.elementor-widget-video,.e-con>.elementor-widget-video{width:var(--container-widget-width);--flex-grow:var(--container-widget-flex-grow)}<\/style>\t\t<div class=\"e-hosted-video elementor-wrapper elementor-open-inline\">\n\t\t\t\t\t<video class=\"elementor-video\" src=\"https:\/\/investinalentejo.pt\/pt\/videos\/Video Principal - Original (vPRD).mp4\" autoplay=\"\" controls=\"\" controlsList=\"nodownload\"><\/video>\n\t\t\t\t<\/div>\n\t\t\t\t<\/div>\n\t\t\t\t<\/div>\n\t\t\t\t\t<\/div>\n\t\t<\/div>\n\t\t\t\t\t\t\t<\/div>\n\t\t<\/section>\n\t\t\t\t<section class=\"elementor-section elementor-top-section elementor-element elementor-element-3ca7703 elementor-section-boxed elementor-section-height-default elementor-section-height-default\" data-id=\"3ca7703\" data-element_type=\"section\">\n\t\t\t\t\t\t<div class=\"elementor-container elementor-column-gap-default\">\n\t\t\t\t\t<div class=\"elementor-column elementor-col-100 elementor-top-column elementor-element elementor-element-a6e3852\" data-id=\"a6e3852\" data-element_type=\"column\">\n\t\t\t<div class=\"elementor-widget-wrap elementor-element-populated\">\n\t\t\t\t\t\t\t\t<div class=\"elementor-element elementor-element-ac94e82 elementor-widget elementor-widget-heading\" data-id=\"ac94e82\" data-element_type=\"widget\" data-widget_type=\"heading.default\">\n\t\t\t\t<div class=\"elementor-widget-container\">\n\t\t\t<style>\/*! elementor - v3.16.0 - 12-09-2023 *\/\n.elementor-heading-title{padding:0;margin:0;line-height:1}.elementor-widget-heading .elementor-heading-title[class*=elementor-size-]>a{color:inherit;font-size:inherit;line-height:inherit}.elementor-widget-heading .elementor-heading-title.elementor-size-small{font-size:15px}.elementor-widget-heading .elementor-heading-title.elementor-size-medium{font-size:19px}.elementor-widget-heading .elementor-heading-title.elementor-size-large{font-size:29px}.elementor-widget-heading .elementor-heading-title.elementor-size-xl{font-size:39px}.elementor-widget-heading .elementor-heading-title.elementor-size-xxl{font-size:59px}<\/style><h3 class=\"elementor-heading-title elementor-size-default\">Invest In Alentejo <\/h3>\t\t<\/div>\n\t\t\t\t<\/div>\n\t\t\t\t\t<\/div>\n\t\t<\/div>\n\t\t\t\t\t\t\t<\/div>\n\t\t<\/section>\n\t\t\t\t<section class=\"elementor-section elementor-top-section elementor-element elementor-element-08d181a elementor-section-stretched elementor-section-boxed elementor-section-height-default elementor-section-height-default\" data-id=\"08d181a\" data-element_type=\"section\" data-settings=\"{&quot;stretch_section&quot;:&quot;section-stretched&quot;,&quot;background_background&quot;:&quot;gradient&quot;}\">\n\t\t\t\t\t\t<div class=\"elementor-container elementor-column-gap-default\">\n\t\t\t\t\t<div class=\"elementor-column elementor-col-100 elementor-top-column elementor-element elementor-element-77694e0\" data-id=\"77694e0\" data-element_type=\"column\">\n\t\t\t<div class=\"elementor-widget-wrap elementor-element-populated\">\n\t\t\t\t\t\t\t\t<section class=\"elementor-section elementor-inner-section elementor-element elementor-element-9275330 elementor-section-boxed elementor-section-height-default elementor-section-height-default\" data-id=\"9275330\" data-element_type=\"section\">\n\t\t\t\t\t\t<div class=\"elementor-container elementor-column-gap-default\">\n\t\t\t\t\t<div class=\"elementor-column elementor-col-50 elementor-inner-column elementor-element elementor-element-14ed37f\" data-id=\"14ed37f\" data-element_type=\"column\">\n\t\t\t<div class=\"elementor-widget-wrap\">\n\t\t\t\t\t\t\t\t\t<\/div>\n\t\t<\/div>\n\t\t\t\t<div class=\"elementor-column elementor-col-50 elementor-inner-column elementor-element elementor-element-77af326\" data-id=\"77af326\" data-element_type=\"column\">\n\t\t\t<div class=\"elementor-widget-wrap elementor-element-populated\">\n\t\t\t\t\t\t\t\t<div class=\"elementor-element elementor-element-1801726 elementor-widget elementor-widget-text-editor\" data-id=\"1801726\" data-element_type=\"widget\" data-widget_type=\"text-editor.default\">\n\t\t\t\t<div class=\"elementor-widget-container\">\n\t\t\t<style>\/*! elementor - v3.16.0 - 12-09-2023 *\/\n.elementor-widget-text-editor.elementor-drop-cap-view-stacked .elementor-drop-cap{background-color:#69727d;color:#fff}.elementor-widget-text-editor.elementor-drop-cap-view-framed .elementor-drop-cap{color:#69727d;border:3px solid;background-color:transparent}.elementor-widget-text-editor:not(.elementor-drop-cap-view-default) .elementor-drop-cap{margin-top:8px}.elementor-widget-text-editor:not(.elementor-drop-cap-view-default) .elementor-drop-cap-letter{width:1em;height:1em}.elementor-widget-text-editor .elementor-drop-cap{float:left;text-align:center;line-height:1;font-size:50px}.elementor-widget-text-editor .elementor-drop-cap-letter{display:inline-block}<\/style>\t\t\t\t<p><span style=\"font-weight: 400;\">O Invest In Alentejo \u00e9 uma iniciativa promovida pela ADRAL &#8211; Ag\u00eancia de Desenvolvimento Regional do Alentejo, que pretende refor\u00e7ar a internacionaliza\u00e7\u00e3o de bens e servi\u00e7os da regi\u00e3o Alentejo, assentes nos principais dom\u00ednios da estrat\u00e9gia regional de especializa\u00e7\u00e3o inteligente (EREI), com o objetivo de melhorar o posicionamento da regi\u00e3o no mercado global, materializando-se no fortalecimento do seu potencial exportador, bem como na capta\u00e7\u00e3o de investimento com vista o incremento do desenvolvimento do territ\u00f3rio.<\/span><\/p><p><span style=\"font-weight: 400;\">Tem como objetivos principais:<\/span><\/p><ul><li style=\"font-weight: 400;\" aria-level=\"1\"><span style=\"font-weight: 400;\">Aumentar o reconhecimento internacional dos setores estrat\u00e9gicos do Alentejo;<\/span><\/li><li style=\"font-weight: 400;\" aria-level=\"1\"><span style=\"font-weight: 400;\">Promover internacionalmente o potencial da regi\u00e3o, atrav\u00e9s das suas infraestruturas;<\/span><\/li><li style=\"font-weight: 400;\" aria-level=\"1\"><span style=\"font-weight: 400;\">Fortalecer internacionalmente os setores econ\u00f3micos existentes no Alentejo;<\/span><\/li><li style=\"font-weight: 400;\" aria-level=\"1\"><span style=\"font-weight: 400;\">Potenciar a internacionaliza\u00e7\u00e3o das empresas;<\/span><\/li><li style=\"font-weight: 400;\" aria-level=\"1\"><span style=\"font-weight: 400;\">Aumentar o reconhecimento internacional de produtos e servi\u00e7os.<\/span><\/li><\/ul><p><span style=\"font-weight: 400;\">Para este fim, conta com um grupo de parceiros com presen\u00e7a em \u00e1reas estrat\u00e9gicas e com potencial para o desenvolvimento do territ\u00f3rio alentejano, que lideram os setores estrat\u00e9gicos da iniciativa, nomeadamente:<\/span><\/p><ul><li style=\"font-weight: 400;\" aria-level=\"1\"><b>Aeron\u00e1utica<\/b><span style=\"font-weight: 400;\">, liderado pelo Munic\u00edpio de <\/span><span style=\"font-weight: 400;\">Ponte de Sor;\u00a0<\/span><\/li><li style=\"font-weight: 400;\" aria-level=\"1\"><b>Agroind\u00fastria<\/b><span style=\"font-weight: 400;\">, liderado pela EDIA \u2013 Empresa de Desenvolvimento e Infraestruturas do Alqueva, S.A.;<\/span><\/li><li style=\"font-weight: 400;\" aria-level=\"1\"><b>Turismo<\/b><span style=\"font-weight: 400;\">,\u00a0 liderado pela ARPTA &#8211; Ag\u00eancia Regional de Promo\u00e7\u00e3o Tur\u00edstica do Alentejo;<\/span><\/li><li style=\"font-weight: 400;\" aria-level=\"1\"><b>Portos e Log\u00edstica, Digital e Energia, <\/b><span style=\"font-weight: 400;\">todos liderados por um cons\u00f3rcio de Sines, que compreende a aicep Global Parques, a APS &#8211; Administra\u00e7\u00e3o dos Portos de Sines e do Algarve, a CPLS &#8211; Comunidade Portu\u00e1ria e Log\u00edstica de Sines e o Munic\u00edpio de Sines.\u00a0<\/span><\/li><\/ul>\t\t\t\t\t\t<\/div>\n\t\t\t\t<\/div>\n\t\t\t\t\t<\/div>\n\t\t<\/div>\n\t\t\t\t\t\t\t<\/div>\n\t\t<\/section>\n\t\t\t\t\t<\/div>\n\t\t<\/div>\n\t\t\t\t\t\t\t<\/div>\n\t\t<\/section>\n\t\t\t\t\t\t\t<\/div>\n\t\t","protected":false},"excerpt":{"rendered":"<p>https:\/\/investinalentejo.pt\/pt\/videos\/Video%20Principal%20-%20Original%20(vPRD).mp4 Invest In Alentejo O Invest In Alentejo \u00e9 uma iniciativa promovida pela ADRAL &#8211; Ag\u00eancia de Desenvolvimento Regional do Alentejo, que pretende refor\u00e7ar a internacionaliza\u00e7\u00e3o de bens e servi\u00e7os da regi\u00e3o Alentejo, assentes nos principais dom\u00ednios da estrat\u00e9gia regional de especializa\u00e7\u00e3o inteligente (EREI), com o objetivo de melhorar o posicionamento da regi\u00e3o no mercado [&hellip;]<\/p>\n","protected":false},"author":1,"featured_media":226,"parent":207,"menu_order":6,"comment_status":"closed","ping_status":"closed","template":"","meta":{"footnotes":""},"class_list":["post-225","page","type-page","status-publish","has-post-thumbnail","hentry"],"acf":[],"_links":{"self":[{"href":"https:\/\/investinalentejo.pt\/pt\/wp-json\/wp\/v2\/pages\/225","targetHints":{"allow":["GET"]}}],"collection":[{"href":"https:\/\/investinalentejo.pt\/pt\/wp-json\/wp\/v2\/pages"}],"about":[{"href":"https:\/\/investinalentejo.pt\/pt\/wp-json\/wp\/v2\/types\/page"}],"author":[{"embeddable":true,"href":"https:\/\/investinalentejo.pt\/pt\/wp-json\/wp\/v2\/users\/1"}],"replies":[{"embeddable":true,"href":"https:\/\/investinalentejo.pt\/pt\/wp-json\/wp\/v2\/comments?post=225"}],"version-history":[{"count":69,"href":"https:\/\/investinalentejo.pt\/pt\/wp-json\/wp\/v2\/pages\/225\/revisions"}],"predecessor-version":[{"id":1893,"href":"https:\/\/investinalentejo.pt\/pt\/wp-json\/wp\/v2\/pages\/225\/revisions\/1893"}],"up":[{"embeddable":true,"href":"https:\/\/investinalentejo.pt\/pt\/wp-json\/wp\/v2\/pages\/207"}],"wp:featuredmedia":[{"embeddable":true,"href":"https:\/\/investinalentejo.pt\/pt\/wp-json\/wp\/v2\/media\/226"}],"wp:attachment":[{"href":"https:\/\/investinalentejo.pt\/pt\/wp-json\/wp\/v2\/media?parent=225"}],"curies":[{"name":"wp","href":"https:\/\/api.w.org\/{rel}","templated":true}]}}