{"id":83,"date":"2022-11-24T23:10:34","date_gmt":"2022-11-24T23:10:34","guid":{"rendered":"http:\/\/investinalentejo.pt\/pt\/?page_id=83"},"modified":"2023-07-03T22:51:53","modified_gmt":"2023-07-03T22:51:53","slug":"infraestruturas","status":"publish","type":"page","link":"https:\/\/investinalentejo.pt\/pt\/alentejo\/infraestruturas\/","title":{"rendered":"Infraestruturas"},"content":{"rendered":"\t\t<div data-elementor-type=\"wp-page\" data-elementor-id=\"83\" class=\"elementor elementor-83\">\n\t\t\t\t\t\t\t\t\t<section class=\"elementor-section elementor-top-section elementor-element elementor-element-5c551a9 elementor-section-boxed elementor-section-height-default elementor-section-height-default\" data-id=\"5c551a9\" data-element_type=\"section\">\n\t\t\t\t\t\t<div class=\"elementor-container elementor-column-gap-default\">\n\t\t\t\t\t<div class=\"elementor-column elementor-col-100 elementor-top-column elementor-element elementor-element-ec1c665\" data-id=\"ec1c665\" data-element_type=\"column\">\n\t\t\t<div class=\"elementor-widget-wrap elementor-element-populated\">\n\t\t\t\t\t\t\t\t<div class=\"elementor-element elementor-element-4a862e1 text-uppercase elementor-widget elementor-widget-heading\" data-id=\"4a862e1\" data-element_type=\"widget\" data-widget_type=\"heading.default\">\n\t\t\t\t<div class=\"elementor-widget-container\">\n\t\t\t<style>\/*! elementor - v3.16.0 - 12-09-2023 *\/\n.elementor-heading-title{padding:0;margin:0;line-height:1}.elementor-widget-heading .elementor-heading-title[class*=elementor-size-]>a{color:inherit;font-size:inherit;line-height:inherit}.elementor-widget-heading .elementor-heading-title.elementor-size-small{font-size:15px}.elementor-widget-heading .elementor-heading-title.elementor-size-medium{font-size:19px}.elementor-widget-heading .elementor-heading-title.elementor-size-large{font-size:29px}.elementor-widget-heading .elementor-heading-title.elementor-size-xl{font-size:39px}.elementor-widget-heading .elementor-heading-title.elementor-size-xxl{font-size:59px}<\/style><h3 class=\"elementor-heading-title elementor-size-default\">Infraestruturas<\/h3>\t\t<\/div>\n\t\t\t\t<\/div>\n\t\t\t\t<div class=\"elementor-element elementor-element-69e00ca elementor-widget elementor-widget-text-editor\" data-id=\"69e00ca\" data-element_type=\"widget\" data-widget_type=\"text-editor.default\">\n\t\t\t\t<div class=\"elementor-widget-container\">\n\t\t\t<style>\/*! elementor - v3.16.0 - 12-09-2023 *\/\n.elementor-widget-text-editor.elementor-drop-cap-view-stacked .elementor-drop-cap{background-color:#69727d;color:#fff}.elementor-widget-text-editor.elementor-drop-cap-view-framed .elementor-drop-cap{color:#69727d;border:3px solid;background-color:transparent}.elementor-widget-text-editor:not(.elementor-drop-cap-view-default) .elementor-drop-cap{margin-top:8px}.elementor-widget-text-editor:not(.elementor-drop-cap-view-default) .elementor-drop-cap-letter{width:1em;height:1em}.elementor-widget-text-editor .elementor-drop-cap{float:left;text-align:center;line-height:1;font-size:50px}.elementor-widget-text-editor .elementor-drop-cap-letter{display:inline-block}<\/style>\t\t\t\t<p>O Alentejo \u00e9 um territ\u00f3rio multifacetado, que conta com uma pluralidade de infraestruturas reconhecidas internacionalmente pelas suas excelentes condi\u00e7\u00f5es para a fixa\u00e7\u00e3o de neg\u00f3cios nas diversas \u00e1reas da economia e uma forte rede de \u00e1reas de acolhimento empresarial, geridas por entidades p\u00fablicas e privadas, com capacidade para apoiar empresas no seu estabelecimento no territ\u00f3rio, que pode conhecer melhor atrav\u00e9s da plataforma <a href=\"https:\/\/portugalsiteselection.pt\" target=\"_blank\" rel=\"noopener\">Portugal Site Selection<\/a>.<\/p><p>Explore o nosso mapa interativo e descubra as principais infraestruturas do territ\u00f3rio Alentejano!<\/p>\t\t\t\t\t\t<\/div>\n\t\t\t\t<\/div>\n\t\t\t\t\t<\/div>\n\t\t<\/div>\n\t\t\t\t\t\t\t<\/div>\n\t\t<\/section>\n\t\t\t\t<section class=\"elementor-section elementor-top-section elementor-element elementor-element-7025ccf elementor-section-full_width elementor-section-stretched elementor-section-height-default elementor-section-height-default\" data-id=\"7025ccf\" data-element_type=\"section\" data-settings=\"{&quot;stretch_section&quot;:&quot;section-stretched&quot;}\">\n\t\t\t\t\t\t<div class=\"elementor-container elementor-column-gap-no\">\n\t\t\t\t\t<div class=\"elementor-column elementor-col-50 elementor-top-column elementor-element elementor-element-fa7d511\" data-id=\"fa7d511\" data-element_type=\"column\" data-settings=\"{&quot;background_background&quot;:&quot;classic&quot;}\">\n\t\t\t<div class=\"elementor-widget-wrap elementor-element-populated\">\n\t\t\t\t\t\t\t\t<div class=\"elementor-element elementor-element-8c097cb elementor-widget elementor-widget-shortcode\" data-id=\"8c097cb\" data-element_type=\"widget\" data-widget_type=\"shortcode.default\">\n\t\t\t\t<div class=\"elementor-widget-container\">\n\t\t\t\t\t<div class=\"elementor-shortcode\">    <div class=\"row mapa_detalhes\">\r\n    <div class=\"col-12 mb-3\">\r\n        <img decoding=\"async\" src=\"https:\/\/investinalentejo.pt\/pt\/wp-content\/plugins\/google-maps-easy\/modules\/icons\/icons_files\/def_icons\/red_orifice.png\" alt=\"\u00c1reas de acolhimento empresarial\" \/><h6 style=\"display:inline;margin-left:15px;color:#fff;\">\u00c1reas de acolhimento empresarial<\/h6>\r\n    \r\n    <ul class=\"m-0 mt-3\">\r\n    <li><a href=\"javascript:\/\/\" onclick=\"loadMapInfoWindow(22);\">Parque Agroindustrial do Penique, Ferreira do Alentejo<\/a><\/li>\r\n    <li><a href=\"javascript:\/\/\" onclick=\"loadMapInfoWindow(23);\">Parque de Indu\u0301stria Aerona\u0301utica de Beja<\/a><\/li>\r\n    <li><a href=\"javascript:\/\/\" onclick=\"loadMapInfoWindow(4);\">Parque de Indu\u0301stria Aerona\u0301utica de E\u0301vora<\/a><\/li>\r\n    <li><a href=\"javascript:\/\/\" onclick=\"loadMapInfoWindow(7);\">ZILS Global Parques - Zona Industrial e Log\u00edstica de Sines<\/a><\/li>\r\n        \r\n    <\/ul>\r\n    <\/div>\r\n    <div class=\"col-12 mb-3\">\r\n        <img decoding=\"async\" src=\"https:\/\/investinalentejo.pt\/pt\/wp-content\/plugins\/google-maps-easy\/modules\/icons\/icons_files\/def_icons\/blue_orifice.png\" alt=\"Infraestruturas de grande porte\" \/><h6 style=\"display:inline;margin-left:15px;color:#fff;\">Infraestruturas de grande porte<\/h6>\r\n    \r\n    <ul class=\"m-0 mt-3\">\r\n    <li><a href=\"javascript:\/\/\" onclick=\"loadMapInfoWindow(2);\">Aeroporto de Beja<\/a><\/li>\r\n    <li><a href=\"javascript:\/\/\" onclick=\"loadMapInfoWindow(1);\">Aero\u0301dromo Municipal de Ponte de Sor<\/a><\/li>\r\n    <li><a href=\"javascript:\/\/\" onclick=\"loadMapInfoWindow(3);\">Empreendimento de Fins Mu\u0301ltiplos de Alqueva<\/a><\/li>\r\n    <li><a href=\"javascript:\/\/\" onclick=\"loadMapInfoWindow(24);\">Plataforma Logi\u0301stica de Vendas Novas<\/a><\/li>\r\n    <li><a href=\"javascript:\/\/\" onclick=\"loadMapInfoWindow(5);\">Plataforma Logi\u0301stica do Alto Alentejo<\/a><\/li>\r\n    <li><a href=\"javascript:\/\/\" onclick=\"loadMapInfoWindow(6);\">Porto de Sines<\/a><\/li>\r\n        \r\n    <\/ul>\r\n    <\/div>\r\n    <div class=\"col-12 mb-3\">\r\n        <img decoding=\"async\" src=\"https:\/\/investinalentejo.pt\/pt\/wp-content\/plugins\/google-maps-easy\/modules\/icons\/icons_files\/def_icons\/green_orifice.png\" alt=\"Universidades e Centros de conhecimento\" \/><h6 style=\"display:inline;margin-left:15px;color:#fff;\">Universidades e Centros de conhecimento<\/h6>\r\n    \r\n    <ul class=\"m-0 mt-3\">\r\n    <li><a href=\"javascript:\/\/\" onclick=\"loadMapInfoWindow(8);\">CEBAL - Centro de Biotecnologia Agri\u0301cola e Agro Alimentar do Alentejo<\/a><\/li>\r\n    <li><a href=\"javascript:\/\/\" onclick=\"loadMapInfoWindow(12);\">COTR - Centro Operativo e de Tecnologia de Regadio<\/a><\/li>\r\n    <li><a href=\"javascript:\/\/\" onclick=\"loadMapInfoWindow(9);\">INIAV - Instituto Nacional de Investigac\u0327a\u0303o Agra\u0301ria e Veterina\u0301ria - Polo de Elvas<\/a><\/li>\r\n    <li><a href=\"javascript:\/\/\" onclick=\"loadMapInfoWindow(10);\">Instituto Polite\u0301cnico de Beja<\/a><\/li>\r\n    <li><a href=\"javascript:\/\/\" onclick=\"loadMapInfoWindow(11);\">Instituto Polite\u0301cnico de Portalegre<\/a><\/li>\r\n    <li><a href=\"javascript:\/\/\" onclick=\"loadMapInfoWindow(13);\">ISQ Portugal - Instituto de Soldadura e Qualidade - Sines<\/a><\/li>\r\n    <li><a href=\"javascript:\/\/\" onclick=\"loadMapInfoWindow(14);\">Universidade de E\u0301vora<\/a><\/li>\r\n        \r\n    <\/ul>\r\n    <\/div>\r\n<\/div><\/div>\n\t\t\t\t<\/div>\n\t\t\t\t<\/div>\n\t\t\t\t\t<\/div>\n\t\t<\/div>\n\t\t\t\t<div class=\"elementor-column elementor-col-50 elementor-top-column elementor-element elementor-element-df950a7\" data-id=\"df950a7\" data-element_type=\"column\">\n\t\t\t<div class=\"elementor-widget-wrap elementor-element-populated\">\n\t\t\t\t\t\t\t\t<div class=\"elementor-element elementor-element-a24624f elementor-widget elementor-widget-shortcode\" data-id=\"a24624f\" data-element_type=\"widget\" data-widget_type=\"shortcode.default\">\n\t\t\t\t<div class=\"elementor-widget-container\">\n\t\t\t\t\t<div class=\"elementor-shortcode\"><style type=\"text\/css\" id=\"gmpMapStyles_1_56676\">\n\t#google_map_easy_1_56676 {\n        width: 100%;\n        height: 840px;\n\t\t\t\t\t\t    }\n\t#gmapControlsNum_1_56676 {\n\t\twidth:100%\t}\n\t.gmpMapDetailsContainer#gmpMapDetailsContainer_1_56676 {\n\t\theight:840px;\n\t}\n\t.gmp_MapPreview#google_map_easy_1_56676 {\n\t\t\/*position:absolute;*\/\n\t\twidth: 100%;\n\t}\n\t#mapConElem_1_56676{\n\t\twidth: 100%\t}\n    .gm-style .gm-style-iw-c{\n        padding: 12px!important;\n    }\n\t    <\/style>\n <div class=\"gmp_map_opts\" id=\"mapConElem_1_56676\" data-id=\"1\" data-view-id=\"1_56676\" > <div class=\"gmpMapDetailsContainer\" id=\"gmpMapDetailsContainer_1_56676\"> <i class=\"gmpKMLLayersPreloader fa fa-spinner fa-spin\" aria-hidden=\"true\" style=\"display: none;\"><\/i> <div class=\"gmp_MapPreview \" id=\"google_map_easy_1_56676\"><\/div> <\/div> <div class=\"gmpMapMarkerFilters\" id=\"gmpMapMarkerFilters_1_56676\"> <\/div> <div class=\"gmpMapProControlsCon\" id=\"gmpMapProControlsCon_1_56676\"> <\/div> <div class=\"gmpMapProDirectionsCon\" id=\"gmpMapProDirectionsCon_1_56676\" > <\/div> <div class=\"gmpMapProKmlFilterCon\" id=\"gmpMapProKmlFilterCon_1_56676\" > <\/div> <div class=\"gmpSocialSharingShell gmpSocialSharingShell_1_56676\"> <\/div> <div style=\"clear: both;\"><\/div> <\/div> <\/div>\n\t\t\t\t<\/div>\n\t\t\t\t<\/div>\n\t\t\t\t\t<\/div>\n\t\t<\/div>\n\t\t\t\t\t\t\t<\/div>\n\t\t<\/section>\n\t\t\t\t<section class=\"elementor-section elementor-top-section elementor-element elementor-element-bd7e46f elementor-section-full_width elementor-section-stretched elementor-section-height-default elementor-section-height-default\" data-id=\"bd7e46f\" data-element_type=\"section\" data-settings=\"{&quot;stretch_section&quot;:&quot;section-stretched&quot;}\">\n\t\t\t\t\t\t<div class=\"elementor-container elementor-column-gap-no\">\n\t\t\t\t\t<div class=\"elementor-column elementor-col-50 elementor-top-column elementor-element elementor-element-c1dcbdd\" data-id=\"c1dcbdd\" data-element_type=\"column\" data-settings=\"{&quot;background_background&quot;:&quot;classic&quot;}\">\n\t\t\t<div class=\"elementor-widget-wrap\">\n\t\t\t\t\t\t\t\t\t<\/div>\n\t\t<\/div>\n\t\t\t\t<div class=\"elementor-column elementor-col-50 elementor-top-column elementor-element elementor-element-df043d4\" data-id=\"df043d4\" data-element_type=\"column\">\n\t\t\t<div class=\"elementor-widget-wrap elementor-element-populated\">\n\t\t\t\t\t\t\t\t<div class=\"elementor-element elementor-element-1bd7bdc elementor-widget elementor-widget-shortcode\" data-id=\"1bd7bdc\" data-element_type=\"widget\" data-widget_type=\"shortcode.default\">\n\t\t\t\t<div class=\"elementor-widget-container\">\n\t\t\t\t\t<div class=\"elementor-shortcode\">    <div class=\"row\">\r\n    <div class=\"col-3 mb-3\">\r\n        <img decoding=\"async\" src=\"https:\/\/investinalentejo.pt\/pt\/wp-content\/plugins\/google-maps-easy\/modules\/icons\/icons_files\/def_icons\/red_orifice.png\" alt=\"\u00c1reas de acolhimento empresarial\" \/><p style=\"display:inline;margin-left:15px;\">\u00c1reas de acolhimento empresarial<\/p>\r\n    <\/div>\r\n\r\n    <div class=\"col-3 mb-3\">\r\n        <img decoding=\"async\" src=\"https:\/\/investinalentejo.pt\/pt\/wp-content\/plugins\/google-maps-easy\/modules\/icons\/icons_files\/def_icons\/blue_orifice.png\" alt=\"Infraestruturas de grande porte\" \/><p style=\"display:inline;margin-left:15px;\">Infraestruturas de grande porte<\/p>\r\n    <\/div>\r\n\r\n    <div class=\"col-3 mb-3\">\r\n        <img decoding=\"async\" src=\"https:\/\/investinalentejo.pt\/pt\/wp-content\/plugins\/google-maps-easy\/modules\/icons\/icons_files\/def_icons\/green_orifice.png\" alt=\"Universidades e Centros de conhecimento\" \/><p style=\"display:inline;margin-left:15px;\">Universidades e Centros de conhecimento<\/p>\r\n    <\/div>\r\n\r\n<\/div><\/div>\n\t\t\t\t<\/div>\n\t\t\t\t<\/div>\n\t\t\t\t\t<\/div>\n\t\t<\/div>\n\t\t\t\t\t\t\t<\/div>\n\t\t<\/section>\n\t\t\t\t\t\t\t<\/div>\n\t\t","protected":false},"excerpt":{"rendered":"<p>O Alentejo \u00e9 um territ\u00f3rio multifacetado, que conta com uma pluralidade de infraestruturas reconhecidas internacionalmente pelas suas excelentes condi\u00e7\u00f5es para a fixa\u00e7\u00e3o de neg\u00f3cios nas diversas \u00e1reas da economia e uma forte rede de \u00e1reas de acolhimento empresarial, geridas por entidades p\u00fablicas e privadas, com capacidade para apoiar empresas no seu estabelecimento no territ\u00f3rio, que [&hellip;]<\/p>\n","protected":false},"author":1,"featured_media":751,"parent":207,"menu_order":1,"comment_status":"closed","ping_status":"closed","template":"","meta":{"footnotes":""},"class_list":["post-83","page","type-page","status-publish","has-post-thumbnail","hentry"],"acf":[],"_links":{"self":[{"href":"https:\/\/investinalentejo.pt\/pt\/wp-json\/wp\/v2\/pages\/83","targetHints":{"allow":["GET"]}}],"collection":[{"href":"https:\/\/investinalentejo.pt\/pt\/wp-json\/wp\/v2\/pages"}],"about":[{"href":"https:\/\/investinalentejo.pt\/pt\/wp-json\/wp\/v2\/types\/page"}],"author":[{"embeddable":true,"href":"https:\/\/investinalentejo.pt\/pt\/wp-json\/wp\/v2\/users\/1"}],"replies":[{"embeddable":true,"href":"https:\/\/investinalentejo.pt\/pt\/wp-json\/wp\/v2\/comments?post=83"}],"version-history":[{"count":89,"href":"https:\/\/investinalentejo.pt\/pt\/wp-json\/wp\/v2\/pages\/83\/revisions"}],"predecessor-version":[{"id":1747,"href":"https:\/\/investinalentejo.pt\/pt\/wp-json\/wp\/v2\/pages\/83\/revisions\/1747"}],"up":[{"embeddable":true,"href":"https:\/\/investinalentejo.pt\/pt\/wp-json\/wp\/v2\/pages\/207"}],"wp:featuredmedia":[{"embeddable":true,"href":"https:\/\/investinalentejo.pt\/pt\/wp-json\/wp\/v2\/media\/751"}],"wp:attachment":[{"href":"https:\/\/investinalentejo.pt\/pt\/wp-json\/wp\/v2\/media?parent=83"}],"curies":[{"name":"wp","href":"https:\/\/api.w.org\/{rel}","templated":true}]}}