{"id":91,"date":"2022-11-24T23:18:08","date_gmt":"2022-11-24T23:18:08","guid":{"rendered":"http:\/\/investinalentejo.pt\/pt\/?page_id=91"},"modified":"2023-07-11T20:47:08","modified_gmt":"2023-07-11T20:47:08","slug":"ambiente-de-negocios","status":"publish","type":"page","link":"https:\/\/investinalentejo.pt\/pt\/alentejo\/ambiente-de-negocios\/","title":{"rendered":"Ambiente de neg\u00f3cios"},"content":{"rendered":"\t\t<div data-elementor-type=\"wp-page\" data-elementor-id=\"91\" class=\"elementor elementor-91\">\n\t\t\t\t\t\t\t\t\t<section class=\"elementor-section elementor-top-section elementor-element elementor-element-8052610 elementor-section-boxed elementor-section-height-default elementor-section-height-default\" data-id=\"8052610\" data-element_type=\"section\">\n\t\t\t\t\t\t<div class=\"elementor-container elementor-column-gap-default\">\n\t\t\t\t\t<div class=\"elementor-column elementor-col-100 elementor-top-column elementor-element elementor-element-cc3bb24\" data-id=\"cc3bb24\" data-element_type=\"column\">\n\t\t\t<div class=\"elementor-widget-wrap elementor-element-populated\">\n\t\t\t\t\t\t\t\t<div class=\"elementor-element elementor-element-59130f4 text-uppercase elementor-widget elementor-widget-heading\" data-id=\"59130f4\" data-element_type=\"widget\" data-widget_type=\"heading.default\">\n\t\t\t\t<div class=\"elementor-widget-container\">\n\t\t\t<style>\/*! elementor - v3.16.0 - 12-09-2023 *\/\n.elementor-heading-title{padding:0;margin:0;line-height:1}.elementor-widget-heading .elementor-heading-title[class*=elementor-size-]>a{color:inherit;font-size:inherit;line-height:inherit}.elementor-widget-heading .elementor-heading-title.elementor-size-small{font-size:15px}.elementor-widget-heading .elementor-heading-title.elementor-size-medium{font-size:19px}.elementor-widget-heading .elementor-heading-title.elementor-size-large{font-size:29px}.elementor-widget-heading .elementor-heading-title.elementor-size-xl{font-size:39px}.elementor-widget-heading .elementor-heading-title.elementor-size-xxl{font-size:59px}<\/style><h3 class=\"elementor-heading-title elementor-size-default\">Ambiente de neg\u00f3cios<\/h3>\t\t<\/div>\n\t\t\t\t<\/div>\n\t\t\t\t\t<\/div>\n\t\t<\/div>\n\t\t\t\t\t\t\t<\/div>\n\t\t<\/section>\n\t\t\t\t<section class=\"elementor-section elementor-top-section elementor-element elementor-element-320ebf7 elementor-section-boxed elementor-section-height-default elementor-section-height-default\" data-id=\"320ebf7\" data-element_type=\"section\">\n\t\t\t\t\t\t<div class=\"elementor-container elementor-column-gap-default\">\n\t\t\t\t\t<div class=\"elementor-column elementor-col-50 elementor-top-column elementor-element elementor-element-5100c34\" data-id=\"5100c34\" data-element_type=\"column\">\n\t\t\t<div class=\"elementor-widget-wrap elementor-element-populated\">\n\t\t\t\t\t\t\t\t<div class=\"elementor-element elementor-element-b942087 elementor-widget elementor-widget-image\" data-id=\"b942087\" data-element_type=\"widget\" data-widget_type=\"image.default\">\n\t\t\t\t<div class=\"elementor-widget-container\">\n\t\t\t<style>\/*! elementor - v3.16.0 - 12-09-2023 *\/\n.elementor-widget-image{text-align:center}.elementor-widget-image a{display:inline-block}.elementor-widget-image a img[src$=\".svg\"]{width:48px}.elementor-widget-image img{vertical-align:middle;display:inline-block}<\/style>\t\t\t\t\t\t\t\t\t\t\t\t<img loading=\"lazy\" decoding=\"async\" width=\"456\" height=\"219\" src=\"https:\/\/investinalentejo.pt\/pt\/wp-content\/uploads\/2023\/03\/asset-3.png\" class=\"attachment-full size-full wp-image-1494\" alt=\"\" srcset=\"https:\/\/investinalentejo.pt\/pt\/wp-content\/uploads\/2023\/03\/asset-3.png 456w, https:\/\/investinalentejo.pt\/pt\/wp-content\/uploads\/2023\/03\/asset-3-300x144.png 300w\" sizes=\"auto, (max-width: 456px) 100vw, 456px\" \/>\t\t\t\t\t\t\t\t\t\t\t\t\t\t\t<\/div>\n\t\t\t\t<\/div>\n\t\t\t\t\t<\/div>\n\t\t<\/div>\n\t\t\t\t<div class=\"elementor-column elementor-col-50 elementor-top-column elementor-element elementor-element-d7a4c46\" data-id=\"d7a4c46\" data-element_type=\"column\">\n\t\t\t<div class=\"elementor-widget-wrap elementor-element-populated\">\n\t\t\t\t\t\t\t\t<div class=\"elementor-element elementor-element-c13b0fe elementor-widget elementor-widget-image\" data-id=\"c13b0fe\" data-element_type=\"widget\" data-widget_type=\"image.default\">\n\t\t\t\t<div class=\"elementor-widget-container\">\n\t\t\t\t\t\t\t\t\t\t\t\t\t\t\t<img loading=\"lazy\" decoding=\"async\" width=\"456\" height=\"219\" src=\"https:\/\/investinalentejo.pt\/pt\/wp-content\/uploads\/2023\/03\/asset-4.png\" class=\"attachment-full size-full wp-image-1495\" alt=\"\" srcset=\"https:\/\/investinalentejo.pt\/pt\/wp-content\/uploads\/2023\/03\/asset-4.png 456w, https:\/\/investinalentejo.pt\/pt\/wp-content\/uploads\/2023\/03\/asset-4-300x144.png 300w\" sizes=\"auto, (max-width: 456px) 100vw, 456px\" \/>\t\t\t\t\t\t\t\t\t\t\t\t\t\t\t<\/div>\n\t\t\t\t<\/div>\n\t\t\t\t\t<\/div>\n\t\t<\/div>\n\t\t\t\t\t\t\t<\/div>\n\t\t<\/section>\n\t\t\t\t<section class=\"elementor-section elementor-top-section elementor-element elementor-element-670916a elementor-section-boxed elementor-section-height-default elementor-section-height-default\" data-id=\"670916a\" data-element_type=\"section\">\n\t\t\t\t\t\t<div class=\"elementor-container elementor-column-gap-default\">\n\t\t\t\t\t<div class=\"elementor-column elementor-col-50 elementor-top-column elementor-element elementor-element-a2b081e\" data-id=\"a2b081e\" data-element_type=\"column\">\n\t\t\t<div class=\"elementor-widget-wrap elementor-element-populated\">\n\t\t\t\t\t\t\t\t<div class=\"elementor-element elementor-element-4157750 elementor-widget elementor-widget-image\" data-id=\"4157750\" data-element_type=\"widget\" data-widget_type=\"image.default\">\n\t\t\t\t<div class=\"elementor-widget-container\">\n\t\t\t\t\t\t\t\t\t\t\t\t\t\t\t<img loading=\"lazy\" decoding=\"async\" width=\"456\" height=\"218\" src=\"https:\/\/investinalentejo.pt\/pt\/wp-content\/uploads\/2023\/03\/asset-6.png\" class=\"attachment-large size-large wp-image-1497\" alt=\"\" srcset=\"https:\/\/investinalentejo.pt\/pt\/wp-content\/uploads\/2023\/03\/asset-6.png 456w, https:\/\/investinalentejo.pt\/pt\/wp-content\/uploads\/2023\/03\/asset-6-300x143.png 300w\" sizes=\"auto, (max-width: 456px) 100vw, 456px\" \/>\t\t\t\t\t\t\t\t\t\t\t\t\t\t\t<\/div>\n\t\t\t\t<\/div>\n\t\t\t\t\t<\/div>\n\t\t<\/div>\n\t\t\t\t<div class=\"elementor-column elementor-col-50 elementor-top-column elementor-element elementor-element-5e54c8b\" data-id=\"5e54c8b\" data-element_type=\"column\">\n\t\t\t<div class=\"elementor-widget-wrap elementor-element-populated\">\n\t\t\t\t\t\t\t\t<div class=\"elementor-element elementor-element-e9a5802 elementor-widget elementor-widget-image\" data-id=\"e9a5802\" data-element_type=\"widget\" data-widget_type=\"image.default\">\n\t\t\t\t<div class=\"elementor-widget-container\">\n\t\t\t\t\t\t\t\t\t\t\t\t\t\t\t<img loading=\"lazy\" decoding=\"async\" width=\"456\" height=\"219\" src=\"https:\/\/investinalentejo.pt\/pt\/wp-content\/uploads\/2023\/03\/asset-5.png\" class=\"attachment-large size-large wp-image-1496\" alt=\"\" srcset=\"https:\/\/investinalentejo.pt\/pt\/wp-content\/uploads\/2023\/03\/asset-5.png 456w, https:\/\/investinalentejo.pt\/pt\/wp-content\/uploads\/2023\/03\/asset-5-300x144.png 300w\" sizes=\"auto, (max-width: 456px) 100vw, 456px\" \/>\t\t\t\t\t\t\t\t\t\t\t\t\t\t\t<\/div>\n\t\t\t\t<\/div>\n\t\t\t\t\t<\/div>\n\t\t<\/div>\n\t\t\t\t\t\t\t<\/div>\n\t\t<\/section>\n\t\t\t\t<section class=\"elementor-section elementor-top-section elementor-element elementor-element-95a48e1 elementor-section-boxed elementor-section-height-default elementor-section-height-default\" data-id=\"95a48e1\" data-element_type=\"section\">\n\t\t\t\t\t\t<div class=\"elementor-container elementor-column-gap-default\">\n\t\t\t\t\t<div class=\"elementor-column elementor-col-50 elementor-top-column elementor-element elementor-element-371d091\" data-id=\"371d091\" data-element_type=\"column\">\n\t\t\t<div class=\"elementor-widget-wrap elementor-element-populated\">\n\t\t\t\t\t\t\t\t<div class=\"elementor-element elementor-element-eb73869 elementor-widget elementor-widget-image\" data-id=\"eb73869\" data-element_type=\"widget\" data-widget_type=\"image.default\">\n\t\t\t\t<div class=\"elementor-widget-container\">\n\t\t\t\t\t\t\t\t\t\t\t\t\t\t\t<img loading=\"lazy\" decoding=\"async\" width=\"456\" height=\"218\" src=\"https:\/\/investinalentejo.pt\/pt\/wp-content\/uploads\/2023\/03\/asset-7.png\" class=\"attachment-full size-full wp-image-1498\" alt=\"\" srcset=\"https:\/\/investinalentejo.pt\/pt\/wp-content\/uploads\/2023\/03\/asset-7.png 456w, https:\/\/investinalentejo.pt\/pt\/wp-content\/uploads\/2023\/03\/asset-7-300x143.png 300w\" sizes=\"auto, (max-width: 456px) 100vw, 456px\" \/>\t\t\t\t\t\t\t\t\t\t\t\t\t\t\t<\/div>\n\t\t\t\t<\/div>\n\t\t\t\t\t<\/div>\n\t\t<\/div>\n\t\t\t\t<div class=\"elementor-column elementor-col-50 elementor-top-column elementor-element elementor-element-ed32526\" data-id=\"ed32526\" data-element_type=\"column\">\n\t\t\t<div class=\"elementor-widget-wrap elementor-element-populated\">\n\t\t\t\t\t\t\t\t<div class=\"elementor-element elementor-element-17b2042 elementor-widget elementor-widget-image\" data-id=\"17b2042\" data-element_type=\"widget\" data-widget_type=\"image.default\">\n\t\t\t\t<div class=\"elementor-widget-container\">\n\t\t\t\t\t\t\t\t\t\t\t\t\t\t\t<img loading=\"lazy\" decoding=\"async\" width=\"456\" height=\"218\" src=\"https:\/\/investinalentejo.pt\/pt\/wp-content\/uploads\/2023\/03\/asset-8.png\" class=\"attachment-full size-full wp-image-1499\" alt=\"\" srcset=\"https:\/\/investinalentejo.pt\/pt\/wp-content\/uploads\/2023\/03\/asset-8.png 456w, https:\/\/investinalentejo.pt\/pt\/wp-content\/uploads\/2023\/03\/asset-8-300x143.png 300w\" sizes=\"auto, (max-width: 456px) 100vw, 456px\" \/>\t\t\t\t\t\t\t\t\t\t\t\t\t\t\t<\/div>\n\t\t\t\t<\/div>\n\t\t\t\t\t<\/div>\n\t\t<\/div>\n\t\t\t\t\t\t\t<\/div>\n\t\t<\/section>\n\t\t\t\t<section class=\"elementor-section elementor-top-section elementor-element elementor-element-023f215 elementor-section-boxed elementor-section-height-default elementor-section-height-default\" data-id=\"023f215\" data-element_type=\"section\">\n\t\t\t\t\t\t<div class=\"elementor-container elementor-column-gap-default\">\n\t\t\t\t\t<div class=\"elementor-column elementor-col-100 elementor-top-column elementor-element elementor-element-7e4d323\" data-id=\"7e4d323\" data-element_type=\"column\">\n\t\t\t<div class=\"elementor-widget-wrap elementor-element-populated\">\n\t\t\t\t\t\t\t\t<div class=\"elementor-element elementor-element-0a1346e text-with-columns elementor-widget elementor-widget-text-editor\" data-id=\"0a1346e\" data-element_type=\"widget\" data-widget_type=\"text-editor.default\">\n\t\t\t\t<div class=\"elementor-widget-container\">\n\t\t\t<style>\/*! elementor - v3.16.0 - 12-09-2023 *\/\n.elementor-widget-text-editor.elementor-drop-cap-view-stacked .elementor-drop-cap{background-color:#69727d;color:#fff}.elementor-widget-text-editor.elementor-drop-cap-view-framed .elementor-drop-cap{color:#69727d;border:3px solid;background-color:transparent}.elementor-widget-text-editor:not(.elementor-drop-cap-view-default) .elementor-drop-cap{margin-top:8px}.elementor-widget-text-editor:not(.elementor-drop-cap-view-default) .elementor-drop-cap-letter{width:1em;height:1em}.elementor-widget-text-editor .elementor-drop-cap{float:left;text-align:center;line-height:1;font-size:50px}.elementor-widget-text-editor .elementor-drop-cap-letter{display:inline-block}<\/style>\t\t\t\t<p><span style=\"font-weight: 400;\">A regi\u00e3o Alentejo oferece um ambiente de neg\u00f3cios particularmente favor\u00e1vel ao investimento e ao desenvolvimento de atividades econ\u00f3micas, beneficiando da grande estabilidade social e pol\u00edtica e da disponibilidade de m\u00e3o-de-obra qualificada existentes no Pa\u00eds, e contribuindo ativamente para o 34\u00ba lugar ocupado, em 2019, por Portugal no <\/span><i><span style=\"font-weight: 400;\">Ranking Doing Business<\/span><\/i><span style=\"font-weight: 400;\">, elaborado pelo Banco Mundial.&nbsp;<\/span><\/p><p><span style=\"font-weight: 400;\">Dotado de excelentes infraestruturas e oferecendo custos competitivos, o Alentejo acolhe um significativo n\u00famero de empresas que desenvolvem atividades de elevada produtividade e de capital intensivo, o que justifica uma taxa de efici\u00eancia produtiva superior \u00e0 m\u00e9dia portuguesa.<\/span><\/p>\t\t\t\t\t\t<\/div>\n\t\t\t\t<\/div>\n\t\t\t\t\t<\/div>\n\t\t<\/div>\n\t\t\t\t\t\t\t<\/div>\n\t\t<\/section>\n\t\t\t\t\t\t\t<\/div>\n\t\t","protected":false},"excerpt":{"rendered":"<p>A regi\u00e3o Alentejo oferece um ambiente de neg\u00f3cios particularmente favor\u00e1vel ao investimento e ao desenvolvimento de atividades econ\u00f3micas, beneficiando da grande estabilidade social e pol\u00edtica e da disponibilidade de m\u00e3o-de-obra qualificada existentes no Pa\u00eds, e contribuindo ativamente para o 34\u00ba lugar ocupado, em 2019, por Portugal no Ranking Doing Business, elaborado pelo Banco Mundial.&nbsp; Dotado [&hellip;]<\/p>\n","protected":false},"author":1,"featured_media":595,"parent":207,"menu_order":2,"comment_status":"closed","ping_status":"closed","template":"","meta":{"footnotes":""},"class_list":["post-91","page","type-page","status-publish","has-post-thumbnail","hentry"],"acf":[],"_links":{"self":[{"href":"https:\/\/investinalentejo.pt\/pt\/wp-json\/wp\/v2\/pages\/91","targetHints":{"allow":["GET"]}}],"collection":[{"href":"https:\/\/investinalentejo.pt\/pt\/wp-json\/wp\/v2\/pages"}],"about":[{"href":"https:\/\/investinalentejo.pt\/pt\/wp-json\/wp\/v2\/types\/page"}],"author":[{"embeddable":true,"href":"https:\/\/investinalentejo.pt\/pt\/wp-json\/wp\/v2\/users\/1"}],"replies":[{"embeddable":true,"href":"https:\/\/investinalentejo.pt\/pt\/wp-json\/wp\/v2\/comments?post=91"}],"version-history":[{"count":71,"href":"https:\/\/investinalentejo.pt\/pt\/wp-json\/wp\/v2\/pages\/91\/revisions"}],"predecessor-version":[{"id":1757,"href":"https:\/\/investinalentejo.pt\/pt\/wp-json\/wp\/v2\/pages\/91\/revisions\/1757"}],"up":[{"embeddable":true,"href":"https:\/\/investinalentejo.pt\/pt\/wp-json\/wp\/v2\/pages\/207"}],"wp:featuredmedia":[{"embeddable":true,"href":"https:\/\/investinalentejo.pt\/pt\/wp-json\/wp\/v2\/media\/595"}],"wp:attachment":[{"href":"https:\/\/investinalentejo.pt\/pt\/wp-json\/wp\/v2\/media?parent=91"}],"curies":[{"name":"wp","href":"https:\/\/api.w.org\/{rel}","templated":true}]}}